{"id":9306,"date":"2020-05-11T13:32:54","date_gmt":"2020-05-11T10:32:54","guid":{"rendered":"https:\/\/www.innovamedikal.com.tr\/yeni\/?page_id=9306"},"modified":"2020-05-11T14:04:32","modified_gmt":"2020-05-11T11:04:32","slug":"dcd","status":"publish","type":"page","link":"https:\/\/www.innovamedikal.com.tr\/yeni\/dcd","title":{"rendered":"DCD (Kriyojen Gaz So\u011futma)"},"content":{"rendered":"<p>[vc_row row_content_width=&#8221;grid&#8221; content_text_aligment=&#8221;center&#8221; css=&#8221;.vc_custom_1551455857200{padding-top: 80px !important;padding-bottom: 80px !important;}&#8221;][vc_column width=&#8221;1\/12&#8243;][\/vc_column][vc_column width=&#8221;5\/6&#8243;]<div class=\"mkdf-info-section  mkdf-light mkdf-center\">\n\n            <var class=\"mkdf-is-background-text\" style=\"font-size:192px\" id=\"mkdf-is-background-text-338\" >\n        dcd        <\/var>\n    \n    <div class=\"mkdf-is-inner\" style=\"padding-top:96px;width:66%\">\n\n        \n        \n        \n        \n    <\/div>\n<\/div>[vc_column_text]<\/p>\n<h3 style=\"text-align: center; color: #074c6f;\">Se\u00e7ici olarak so\u011futma sa\u011flad\u0131\u011f\u0131<\/h3>\n<h3 style=\"text-align: center; color: #074c6f;\">kan\u0131tlanm\u0131\u015f tek sistem\u2026<\/h3>\n<p style=\"text-align: center;\">G\u00fcn\u00fcm\u00fczde, teknoloji \u00e7ok h\u0131zl\u0131 ilerlemekte ve T\u0131p d\u00fcnyas\u0131 bu ileri teknolojiden faydalanarak her ge\u00e7en g\u00fcn daha konforlu \u00e7\u00f6z\u00fcmler \u00fcretmektedir. Dermatolojik ve Estetik bir\u00e7ok uygulamada da Profesyoneller ileri teknoloji kullanarak a\u011fr\u0131s\u0131z, ac\u0131s\u0131z uygulamalar yapabilmektedirler.<\/p>\n<p style=\"text-align: center;\">D\u00fcnyada en kapsaml\u0131 ve teknolojik a\u00e7\u0131dan en geni\u015f \u00fcr\u00fcn segmentini geli\u015ftiren Candela, Lazer End\u00fcstrisine, K\u0131saca (DCD\u2122) olarak adland\u0131r\u0131lan, Dynamic Cooling Device\u2122 (Kriyojen Gaz So\u011futma) teknolojisini kazand\u0131rm\u0131\u015ft\u0131r.<\/p>\n<p style=\"text-align: center;\">Candela\u2019n\u0131n patentli tasar\u0131m\u0131 olan (DCD\u2122) s\u00fcrekli ve tekrarlanabilir epidermal so\u011futma ile benzersiz konfor sa\u011flayan bir so\u011futma sistemidir.<\/p>\n<p style=\"text-align: center;\">Kriyojen Gaz So\u011futma sistemi, Dermatolojik Lazer tedavilerinde kullan\u0131lan FDA onayl\u0131 TFE(Tetrafluoroethane) tek bile\u015feni kullanmaktad\u0131r. Tetrafluoroethane; Tutu\u015fmaz, toksik de\u011fildir, \u00e7evreye uyumludur ve k\u00fcresel \u0131s\u0131nmaya sebep olmaz.<\/p>\n<p style=\"text-align: center;\">Kriyojen Gaz So\u011futma; d\u00fcnyada 86 \u00fclkede, 15.000\u2019 den fazla Candela Lazer ile birlikte, 30.000\u2019 den fazla kullan\u0131c\u0131 taraf\u0131ndan tercih edilmektedir. Bu so\u011futma sistemi, \u00f6zellikle, epilasyon uygulamalar\u0131nda lazer\u2019 in \u00fcretti\u011fi\u201cTermal Hasar\u0131\u201d azaltmak i\u00e7in kullan\u0131l\u0131r.<\/p>\n<p style=\"text-align: center;\">Lazer Epilasyon uygulamas\u0131 s\u0131ras\u0131ndaki olu\u015fan termal hasar hissi ki\u015fiden ki\u015fiye de\u011fi\u015fmektedir. Sadece k\u0131l kal\u0131nl\u0131\u011f\u0131, yo\u011funlu\u011fu, rengi, i\u015flem yap\u0131lan v\u00fccut b\u00f6lgesi gibi fakt\u00f6rlere ba\u011fl\u0131 olmay\u0131p ki\u015filerin a\u011fr\u0131 e\u015fi\u011fi ile \u00e7ok yak\u0131ndan ilgilidir. Bir grup, bu etkiyi a\u011fr\u0131 yada ac\u0131 olarak hissederken, di\u011ferleri hi\u00e7 hissetmeyebilir.<\/p>\n<p>[\/vc_column_text][\/vc_column][vc_column width=&#8221;1\/12&#8243;][\/vc_column][\/vc_row][vc_row row_content_width=&#8221;grid&#8221; simple_background_color=&#8221;#074c6f&#8221;][vc_column css=&#8221;.vc_custom_1589019479450{padding-top: 30px !important;padding-bottom: 40px !important;}&#8221;][vc_column_text]<\/p>\n<p style=\"text-align: center; color: #fff; font-size: 35px;\">Candela se\u00e7imi size b\u0131rak\u0131yor\u2026<\/p>\n<p style=\"text-align: center; color: #fff; font-size: 20px;\">&#8220;\u0130leri teknolojisi ve art\u0131r\u0131lm\u0131\u015f kapasitesiyle GentleLASE PRO non-invasif tedavilerinizde se\u00e7ebilece\u011finiz en do\u011fru lazer sistemidir.<\/p>\n<p>[\/vc_column_text][\/vc_column][\/vc_row][vc_row disable_background_image=&#8221;&#8221; css=&#8221;.vc_custom_1589194706099{padding-top: 60px !important;padding-bottom: 40px !important;background-position: center !important;background-repeat: no-repeat !important;background-size: cover !important;}&#8221; simple_background_image=&#8221;8960&#8243;][vc_column]<div class=\"mkdf-elements-holder   mkdf-two-columns  mkdf-responsive-mode-1024 \" ><div class=\"mkdf-eh-item    \"  data-item-class=\"mkdf-eh-custom-5076\" data-1366-1600=\"0px 20px 106px 80px\" data-1024-1366=\"0px 20px 108px\" data-768-1024=\"35px 190px 0px\" data-680-768=\"35px 80px 0px\" data-680=\"35px 20px 20px\">\n    <div class=\"mkdf-eh-item-inner\">\n        <div class=\"mkdf-eh-item-content mkdf-eh-custom-5076\" style=\"padding: 0px 90px 108px 230px\">\n            <div class=\"mkdf-info-section  mkdf-light mkdf-center\">\n\n            <var class=\"mkdf-is-background-text\" style=\"font-size:160px\" id=\"mkdf-is-background-text-359\" >\n        dcd        <\/var>\n    \n    <div class=\"mkdf-is-inner\" style=\"padding-top:80px;width:50%\">\n\n        \n        \n        \n        \n    <\/div>\n<\/div>[vc_column_text]<\/p>\n<h3 style=\"color: #074c6f;\">So\u011futma Neden \u00d6nemli?<\/h3>\n<p>Lazer Epilasyon uygulamalar\u0131nda, uygun at\u0131m geni\u015fli\u011fi ve dalga boylar\u0131n\u0131n kullan\u0131lmas\u0131 ile epidermis korunsa bile, tesad\u00fcfi epidermal melanin emilimi (baz\u0131 dalga boylar\u0131nda; hemoglobin emilimi) epidermal hasara yol a\u00e7abilir. Ayr\u0131ca belirgin folik\u00fcler hasar i\u00e7in y\u00fcksek ak\u0131m gerekmektedir. Epidermisi so\u011futma, y\u00fczeyel termal hasar\u0131 azalt\u0131r ve normalden daha y\u00fcksek ak\u0131mlar\u0131n kullan\u0131m\u0131na olanak sa\u011flar. So\u011futma, \u00f6zellikle koyu deri tiplerinin tedavisinde \u00f6nemlidir. \u00c7\u00fcnk\u00fc pigmenter yan etkiler daha s\u0131k g\u00f6r\u00fclmektedir. B\u00fct\u00fcn so\u011futma y\u00f6ntemleri \u0131s\u0131y\u0131 derinin y\u00fczeyinden d\u0131\u015f ortama almaktad\u0131r. Epidermisi korumak i\u00e7in so\u011fuk jel, roller, kat\u0131 kontakt so\u011futma, hava so\u011futma gibi \u00e7e\u015fitli so\u011futma sistemleri kullan\u0131lmaktad\u0131r.<\/p>\n<p>Ayr\u0131ca, so\u011futman\u0131n anatomik derinli\u011fi so\u011futma zaman\u0131na ba\u011fl\u0131d\u0131r. So\u011fu\u011fun deriye temas\u0131yla geni\u015f hacimlerin so\u011futulmas\u0131 saniyeler almaktad\u0131r.<\/p>\n<p>[\/vc_column_text]        <\/div>\n    <\/div>\n<\/div><div class=\"mkdf-eh-item    \"  data-item-class=\"mkdf-eh-custom-7498\" data-1366-1600=\"110px 50px\" data-1024-1366=\"110px 50px\" data-768-1024=\"69px 180px 110px\" data-680-768=\"69px 108px 110px\" data-680=\"69px 10px 110px\">\n    <div class=\"mkdf-eh-item-inner\">\n        <div class=\"mkdf-eh-item-content mkdf-eh-custom-7498\" style=\"padding: 110px 100px\">\n                    <\/div>\n    <\/div>\n<\/div><\/div>[\/vc_column][\/vc_row][vc_row row_content_width=&#8221;grid&#8221; disable_background_image=&#8221;&#8221; content_text_aligment=&#8221;center&#8221; css=&#8221;.vc_custom_1589190283803{padding-top: 80px !important;padding-bottom: 80px !important;}&#8221; simple_background_image=&#8221;9293&#8243;][vc_column width=&#8221;1\/12&#8243;][\/vc_column][vc_column width=&#8221;5\/6&#8243; css=&#8221;.vc_custom_1583483069800{padding-top: 80px !important;padding-bottom: 50px !important;}&#8221;][vc_column_text]<\/p>\n<div style=\"font-size: 200px; color: #fff; font-family: quentinregular; opacity: .2;\">dcd<\/div>\n<p>[\/vc_column_text][vc_column_text]<\/p>\n<h3 style=\"color: #ffffff; text-align: center;\">Sizin i\u00e7in en g\u00fc\u00e7l\u00fc avantaj: H\u0131z ve Hasta G\u00fcvenli\u011fi<\/h3>\n<p style=\"color: #ffffff; text-align: center;\">DCD teknolojisi kullan\u0131c\u0131dan ba\u011f\u0131ms\u0131z bir y\u00f6ntemdir. Lazer at\u0131\u015f h\u0131z\u0131 ne olursa olsun so\u011futucu kriyojen p\u00fcsk\u00fcrtme h\u0131z\u0131n\u0131 ona g\u00f6re ayarlar ve maksimum epidermal koruma sa\u011flar. Uygulama konforu ve etkin sonu\u00e7lar, artan hasta memnuniyeti ile size daha fazla hasta ve dolay\u0131s\u0131yla daha fazla kar kazand\u0131r\u0131r.<\/p>\n<p style=\"color: #ffffff; text-align: center;\">Kriyojen Gaz So\u011futma, epidermisin cilt y\u00fczeyinden yakla\u015f\u0131k 200\u00b5m derinli\u011fi kadar\u0131n\u0131 5C ve -9C aras\u0131nda s\u0131cakl\u0131\u011fa d\u00fc\u015f\u00fcr\u00fcr. Bu de\u011fer, kontakt so\u011futma sistemleri ile elde edilebilecek s\u0131cakl\u0131k de\u011ferlerinin yar\u0131s\u0131ndan da daha d\u00fc\u015f\u00fck s\u0131cakl\u0131k de\u011ferleridir.<\/p>\n<p style=\"color: #ffffff; text-align: center;\">Koyu renk cilt tipine sahip hastalarda melanin yo\u011funlu\u011fu fazlad\u0131r ve melaninin lazer absorpsiyonu y\u00fcksek oldu\u011fu i\u00e7in, yan etki olu\u015fumu ve termal riski daha y\u00fcksektir. Bu y\u00fczden, koyu renk cilde sahip hastalar, lazer destekli tedaviler i\u00e7in zay\u0131f adaylard\u0131r.<\/p>\n<p style=\"color: #ffffff; text-align: center;\">Lazer at\u0131m\u0131n\u0131ndan milisaniyeler \u00f6ncesinde ula\u015farak her at\u0131mdan \u00f6nce h\u0131zla so\u011futur. Lazer taraf\u0131ndan hedeflenen yap\u0131lar\u0131 etkilemez.<br \/>\nTedavi ba\u015flang\u0131c\u0131ndan sonuna kadar ayn\u0131 miktarda so\u011futma sa\u011flar.<\/p>\n<p style=\"color: #ffffff; text-align: center;\">Otomatik kontrol ve benzersiz g\u00fcvenlik sa\u011flar.<\/p>\n<p style=\"color: #ffffff; text-align: center;\">Se\u00e7ilen tedaviye g\u00f6re operat\u00f6rden ba\u011f\u0131ms\u0131z otomatik parametreleri ayarlanabilir.<\/p>\n<p style=\"color: #ffffff; text-align: center;\">Hastan\u0131n konforuna ba\u011fl\u0131 olarak sadece tedavi i\u00e7in ihtiyac\u0131n\u0131z kadar gaz\u0131n iletilmesini sa\u011flar.<\/p>\n<p style=\"color: #ffffff; text-align: center;\">Ek aparatlara gerek olmad\u0131\u011f\u0131ndan tedavi alan\u0131 g\u00f6r\u00fc\u015f\u00fcn\u00fc etkilemez.<\/p>\n<p style=\"color: #ffffff; text-align: center;\">Koyu cilt tipi (IV\u2013 VI) hastalarda etkili sonu\u00e7lar verir.<\/p>\n<p style=\"color: #ffffff; text-align: center;\">Lazer diren\u00e7li lezyonlarda, y\u00fcksek dozajda \u00e7al\u0131\u015fma imkan\u0131 sa\u011flar.<\/p>\n<p style=\"color: #ffffff; text-align: center;\">Minimum termal hasar ile m\u00fckemmel sonu\u00e7lar verir.<\/p>\n<p style=\"color: #ffffff; text-align: center;\">A\u011fr\u0131y\u0131, ac\u0131y\u0131 ve tedavi sonras\u0131 \u015fi\u015fme veya \u00f6demi azalt\u0131r.<\/p>\n<p style=\"color: #ffffff; text-align: center;\">Uzun s\u00fcre etkili epilasyon sa\u011flamak i\u00e7in gerekli y\u00fcksek tedavi etkinli\u011fini sa\u011flar.<\/p>\n<p style=\"color: #ffffff; text-align: center;\">\u015eimdiye kadar yap\u0131lan \u00e7al\u0131\u015fmalar g\u00f6stermi\u015ftir ki, Kriyojen Gaz So\u011futma ile yap\u0131lan uygulamalar a\u011fr\u0131 hissini ve olu\u015fabilecek termal hasar riskini azaltma konusunda, hastalardan al\u0131nan geri bildirimlere g\u00f6re en ba\u015far\u0131l\u0131 sistemdir.<\/p>\n<p>[\/vc_column_text][\/vc_column][vc_column width=&#8221;1\/12&#8243;][\/vc_column][\/vc_row][vc_row row_content_width=&#8221;grid&#8221; content_text_aligment=&#8221;center&#8221; css=&#8221;.vc_custom_1589194630615{padding-top: 50px !important;padding-bottom: 80px !important;}&#8221; simple_background_color=&#8221;#f0f0f0&#8243;][vc_column width=&#8221;1\/12&#8243;][\/vc_column][vc_column width=&#8221;5\/6&#8243;]<div class=\"mkdf-info-section  mkdf-light mkdf-center\">\n\n            <var class=\"mkdf-is-background-text\" style=\"font-size:192px\" id=\"mkdf-is-background-text-631\" >\n        dcd        <\/var>\n    \n    <div class=\"mkdf-is-inner\" style=\"padding-top:96px;width:66%\">\n\n        \n        \n        \n        \n    <\/div>\n<\/div>[vc_column_text]<\/p>\n<h3 style=\"color: #074c6f; text-align: center;\">Lazer epilasyon uygulamalar\u0131nda; 3 tip deri so\u011futma y\u00f6ntemi vard\u0131r<\/h3>\n<p style=\"text-align: center;\">Uygulamadan \u00f6nce so\u011futma, paralel so\u011futma, uygulama sonras\u0131 so\u011futma. Di\u011fer sistemlere g\u00f6re Kriyojen Gaz So\u011futma bu \u00fc\u00e7 a\u015famay\u0131 da ba\u015far\u0131yla sa\u011flamaktad\u0131r. \u0130\u015flem \u00f6ncesi ve i\u015flem s\u0131ras\u0131ndaki so\u011futma lazerden ba\u011f\u0131ms\u0131z ayarlanabildi\u011fi i\u00e7in epidermisin i\u015flem esnas\u0131nda \u00e7ok so\u011fumas\u0131n\u0131 engeller. \u0130\u015flem sonras\u0131 so\u011futma ise folik\u00fcl etraf\u0131ndaki dokunun \u0131s\u0131dan zarar g\u00f6rmesini engeller. Kriyojen Gaz So\u011futma ile yap\u0131lan en agresif epidermal dinamik so\u011futma \u00f6ncesi (kaynama noktas\u0131-26 C, 20-100 ms) y\u00f6ntemdir. Buna g\u00f6re 10 ms\u2018den k\u0131sa at\u0131m s\u00fcresi olan durumlarda Kriyojen Gaz So\u011futma en iyi so\u011futma y\u00f6ntemidir.<\/p>\n<p style=\"text-align: center;\">Paralel so\u011futmada; hava so\u011futma tercih edilen y\u00f6ntemlerden biridir. Paralel so\u011futma 5-10 ms\u2019den daha uzun s\u00fcreli at\u0131mlar i\u00e7in tercih edilse de, Epilasyon uygulamalar\u0131nda termal hasar ortalama 3ms\u2019 de ger\u00e7ekle\u015fti\u011finden, Kriyojen Gaz so\u011futma kadar etkili de\u011fildir. Kriyojen Gaz So\u011futma, daha y\u00fcksek enerjinin kullan\u0131lmas\u0131na olanak sa\u011flarken en az yan etkilidir.<\/p>\n<p style=\"text-align: center;\">Di\u011fer so\u011futma sistemlerine g\u00f6re iki kat daha h\u0131zl\u0131, iki kat daha fazla so\u011futma sa\u011flar\u2026<\/p>\n<p style=\"text-align: center;\"><strong>Kriyojen Gaz So\u011futma;<\/strong><br \/>\nHer lazer at\u0131\u015f ve tedavisinde ayn\u0131 derecede epidermal koruma sa\u011flayarak \u00e7ok geni\u015f spot b\u00fcy\u00fckl\u00fcklerinde uygulamay\u0131 h\u0131zland\u0131r\u0131rken seans s\u00fcrelerini k\u0131salt\u0131r.<br \/>\nArd\u0131\u015f\u0131k lazer at\u0131mlar\u0131 aras\u0131nda so\u011futucu kriyojen maddenin p\u00fcsk\u00fcrt\u00fcl\u00fcp\/bekletilerek, cildin \u00fcst katmanlar\u0131n\u0131n se\u00e7ici olarak so\u011futulmas\u0131 sa\u011flan\u0131r ve cildi tedavi i\u00e7in haz\u0131rlar.<\/p>\n<p>[\/vc_column_text][\/vc_column][vc_column width=&#8221;1\/12&#8243;][\/vc_column][\/vc_row]<\/p>\n","protected":false},"excerpt":{"rendered":"<p>[vc_row row_content_width=&#8221;grid&#8221; content_text_aligment=&#8221;center&#8221; css=&#8221;.vc_custom_1551455857200{padding-top: 80px !important;padding-bottom: 80px !important;}&#8221;][vc_column width=&#8221;1\/12&#8243;][\/vc_column][vc_column width=&#8221;5\/6&#8243;][vc_column_text] Se\u00e7ici olarak so\u011futma sa\u011flad\u0131\u011f\u0131 kan\u0131tlanm\u0131\u015f tek sistem\u2026 G\u00fcn\u00fcm\u00fczde, teknoloji \u00e7ok h\u0131zl\u0131 ilerlemekte ve T\u0131p d\u00fcnyas\u0131 bu ileri teknolojiden faydalanarak her ge\u00e7en g\u00fcn daha konforlu \u00e7\u00f6z\u00fcmler \u00fcretmektedir. Dermatolojik ve Estetik bir\u00e7ok [&hellip;]<\/p>\n","protected":false},"author":1,"featured_media":0,"parent":0,"menu_order":0,"comment_status":"closed","ping_status":"closed","template":"full-width.php","meta":{"footnotes":""},"_links":{"self":[{"href":"https:\/\/www.innovamedikal.com.tr\/yeni\/wp-json\/wp\/v2\/pages\/9306"}],"collection":[{"href":"https:\/\/www.innovamedikal.com.tr\/yeni\/wp-json\/wp\/v2\/pages"}],"about":[{"href":"https:\/\/www.innovamedikal.com.tr\/yeni\/wp-json\/wp\/v2\/types\/page"}],"author":[{"embeddable":true,"href":"https:\/\/www.innovamedikal.com.tr\/yeni\/wp-json\/wp\/v2\/users\/1"}],"replies":[{"embeddable":true,"href":"https:\/\/www.innovamedikal.com.tr\/yeni\/wp-json\/wp\/v2\/comments?post=9306"}],"version-history":[{"count":13,"href":"https:\/\/www.innovamedikal.com.tr\/yeni\/wp-json\/wp\/v2\/pages\/9306\/revisions"}],"predecessor-version":[{"id":9321,"href":"https:\/\/www.innovamedikal.com.tr\/yeni\/wp-json\/wp\/v2\/pages\/9306\/revisions\/9321"}],"wp:attachment":[{"href":"https:\/\/www.innovamedikal.com.tr\/yeni\/wp-json\/wp\/v2\/media?parent=9306"}],"curies":[{"name":"wp","href":"https:\/\/api.w.org\/{rel}","templated":true}]}}