{"id":9214,"date":"2020-05-09T13:16:25","date_gmt":"2020-05-09T10:16:25","guid":{"rendered":"https:\/\/www.innovamedikal.com.tr\/yeni\/?page_id=9214"},"modified":"2020-05-13T11:07:10","modified_gmt":"2020-05-13T08:07:10","slug":"picoway","status":"publish","type":"page","link":"https:\/\/www.innovamedikal.com.tr\/yeni\/picoway","title":{"rendered":"PicoWay"},"content":{"rendered":"<p>[vc_row row_content_width=&#8221;grid&#8221; content_text_aligment=&#8221;center&#8221; css=&#8221;.vc_custom_1551455857200{padding-top: 80px !important;padding-bottom: 80px !important;}&#8221;][vc_column width=&#8221;1\/12&#8243;][\/vc_column][vc_column width=&#8221;5\/6&#8243;]<div class=\"mkdf-info-section  mkdf-light mkdf-center\">\n\n            <var class=\"mkdf-is-background-text\" style=\"font-size:192px\" id=\"mkdf-is-background-text-539\" >\n        picoway        <\/var>\n    \n    <div class=\"mkdf-is-inner\" style=\"padding-top:96px;width:66%\">\n\n        \n        \n        \n        \n    <\/div>\n<\/div>[vc_column_text]<\/p>\n<h3 style=\"text-align: center; color: #074c6f;\">D\u00fcnyada \u0130lk ve Tek<\/h3>\n<h3 style=\"text-align: center; color: #074c6f;\">1064 nm &amp; 532 nm Pikosaniye Laseri<\/h3>\n<p style=\"text-align: center;\">PicoWay, d\u00fcnya lideri Candela\u2019n\u0131n ola\u011fan\u00fcst\u00fc yenilik\u00e7i pikosaniye laseridir. Ultra-k\u0131sa at\u0131mlar kullanan PicoWay, tek sistemde, 1064 nm &amp; 532 nm \u00e7ift dalga boyu ile geleneksel Q-switch laserlerle giderilemeyen her renkte ve t\u00fcrde diren\u00e7li d\u00f6vmeleri, dermal \u2013 epidermal pigmente lezyonlar\u0131 ve benign pigmente lezyonlar\u0131 tamamen giderir.<\/p>\n<p style=\"text-align: center;\">PicoWay benzersiz \u00e7al\u0131\u015fma modu, dokuya ultra-k\u0131sa at\u0131mlarla enerji iletilmesine dayan\u0131r. Bu enerji at\u0131mlar\u0131, foto-mekanik etki yaratarak d\u00f6vme boyas\u0131n\u0131 veya pigmentasyonu daha k\u00fc\u00e7\u00fck, daha kolay elimine edilebilen partik\u00fcllere par\u00e7alar.<\/p>\n<p style=\"text-align: center;\">En Y\u00fcksek peak power\u2019a sahip PicoWay ile en k\u0131sa pikosaniye at\u0131mlarla uygulamalar, hastalar\u0131n\u0131z\u0131n hep ula\u015fmak istedi\u011fi bir konfordur. Di\u011fer sistemlerden%40 daha k\u0131sa pikosaniye at\u0131mlar sayesinde daha d\u00fc\u015f\u00fck enerjide tedavilerde devrim yaratacakt\u0131r.<\/p>\n<p>[\/vc_column_text][\/vc_column][vc_column width=&#8221;1\/12&#8243;][\/vc_column][\/vc_row][vc_row row_content_width=&#8221;grid&#8221; simple_background_color=&#8221;#f0f0f0&#8243; css=&#8221;.vc_custom_1589189842154{padding-top: 30px !important;padding-bottom: 30px !important;}&#8221;][vc_column width=&#8221;5\/12&#8243;][vc_column_text css=&#8221;.vc_custom_1589189959665{margin-top: -50px !important;}&#8221;]<img decoding=\"async\" class=\"aligncenter size-full wp-image-9277\" src=\"https:\/\/www.innovamedikal.com.tr\/yeni\/wp-content\/uploads\/2020\/05\/pico-urun-2.png\" alt=\"\" width=\"450\" srcset=\"https:\/\/www.innovamedikal.com.tr\/yeni\/wp-content\/uploads\/2020\/05\/pico-urun-2.png 1000w, https:\/\/www.innovamedikal.com.tr\/yeni\/wp-content\/uploads\/2020\/05\/pico-urun-2-214x300.png 214w, https:\/\/www.innovamedikal.com.tr\/yeni\/wp-content\/uploads\/2020\/05\/pico-urun-2-768x1075.png 768w, https:\/\/www.innovamedikal.com.tr\/yeni\/wp-content\/uploads\/2020\/05\/pico-urun-2-731x1024.png 731w, https:\/\/www.innovamedikal.com.tr\/yeni\/wp-content\/uploads\/2020\/05\/pico-urun-2-600x840.png 600w\" sizes=\"(max-width: 1000px) 100vw, 1000px\" \/>[\/vc_column_text][\/vc_column][vc_column width=&#8221;7\/12&#8243; css=&#8221;.vc_custom_1589189919215{padding-top: 50px !important;}&#8221;]<div class=\"mkdf-info-section  mkdf-dark mkdf-center\">\n\n            <var class=\"mkdf-is-background-text\" style=\"font-size:160px\" id=\"mkdf-is-background-text-922\" >\n        picoway        <\/var>\n    \n    <div class=\"mkdf-is-inner\" style=\"padding-top:80px;width:50%\">\n\n        \n        \n        \n        \n    <\/div>\n<\/div>[vc_column_text css=&#8221;.vc_custom_1589019195962{margin-top: -15px !important;}&#8221;]<\/p>\n<h3 style=\"color: #074c6f;\">Neden Q-Switch de\u011fil de PicoWay Teknolojisi?<\/h3>\n<p>Bilimsel \u00e7al\u0131\u015fmalara g\u00f6re at\u0131m s\u00fcresi ne kadar k\u0131sa ise laser enerjisini mekanik strese d\u00f6n\u00fc\u015ft\u00fcrme etkinli\u011fi o kadar y\u00fcksek olur. Olu\u015fturulan mekanik stres, partik\u00fclleri daha k\u00fc\u00e7\u00fck par\u00e7ac\u0131klara ay\u0131rmak i\u00e7in gereklidir. Par\u00e7ac\u0131klar ne kadar k\u00fc\u00e7\u00fck ise v\u00fccut i\u00e7in onlar\u0131 elimine etmek daha kolay olur.<\/p>\n<p>Geleneksel Q-Switch teknolojisi daha fazla tedavi say\u0131s\u0131 gerektirir ve tedavi s\u00fcresince belirgin bir rahats\u0131zl\u0131k verir. Bir \u00e7ok vakada ise d\u00f6vme veya pigmente lezyonlar tamamen giderilemez. Picosecond teknolojisi, Q-switch laser\u2019lerden 1000 kat daha k\u0131sa, saniyenin trilyonda biri kadar olan ultra-k\u0131sa at\u0131m s\u00fcresine sahiptir. PicoWay silinemeyen d\u00f6vmeler veya daha kompleks pigmente lezyonlar i\u00e7in geli\u015ftirilmi\u015f ilk ve tek sistemdir.[\/vc_column_text][\/vc_column][\/vc_row][vc_row row_content_width=&#8221;grid&#8221; simple_background_color=&#8221;#074c6f&#8221;][vc_column css=&#8221;.vc_custom_1589019479450{padding-top: 30px !important;padding-bottom: 40px !important;}&#8221;][vc_column_text]<\/p>\n<p style=\"text-align: center; color: #fff; font-size: 35px; line-height: 45px;\">\u0130lk kez \u00e7ift dalga boyunca sadece Pikosaniyede,<br \/>\nt\u00fcm d\u00f6vmeler ve t\u00fcm pigmentler hi\u00e7 varolmam\u0131\u015f gibi&#8230;<\/p>\n<p>[\/vc_column_text][\/vc_column][\/vc_row][vc_row row_content_width=&#8221;grid&#8221; content_text_aligment=&#8221;center&#8221;][vc_column width=&#8221;1\/12&#8243;][\/vc_column][vc_column width=&#8221;5\/12&#8243;][vc_column_text]<img decoding=\"async\" class=\"aligncenter size-full wp-image-8924\" src=\"https:\/\/www.innovamedikal.com.tr\/yeni\/wp-content\/uploads\/2020\/02\/aaaa.jpg\" alt=\"\" width=\"400\" srcset=\"https:\/\/www.innovamedikal.com.tr\/yeni\/wp-content\/uploads\/2020\/02\/aaaa.jpg 622w, https:\/\/www.innovamedikal.com.tr\/yeni\/wp-content\/uploads\/2020\/02\/aaaa-249x300.jpg 249w, https:\/\/www.innovamedikal.com.tr\/yeni\/wp-content\/uploads\/2020\/02\/aaaa-600x723.jpg 600w\" sizes=\"(max-width: 622px) 100vw, 622px\" \/>[\/vc_column_text][\/vc_column][vc_column width=&#8221;1\/3&#8243; css=&#8221;.vc_custom_1589021675699{padding-top: 100px !important;}&#8221;]<div class=\"mkdf-info-section  mkdf-light mkdf-center\">\n\n            <var class=\"mkdf-is-background-text\" style=\"font-size:120px\" id=\"mkdf-is-background-text-806\" >\n        picoway        <\/var>\n    \n    <div class=\"mkdf-is-inner\" style=\"padding-top:60px;width:50%\">\n\n        \n        \n        \n        \n    <\/div>\n<\/div>[vc_column_text]<\/p>\n<h3 style=\"text-align: center; color: #074c6f;\">Uygulama Alan\u0131<\/h3>\n<p style=\"text-align: center;\"><span style=\"font-size: 15px; color: #000;\">Dermal, Epidermal Pigmente Lezyonlar<\/span><br \/>\n<span style=\"font-size: 15px; color: #000;\">B\u00fct\u00fcn D\u00f6vme Renklerinin Silinmesi<br \/>\n<\/span><span style=\"font-size: 15px; color: #000;\">Travmatik ve Amat\u00f6r D\u00f6vmelerin Silinmesi<\/span><br \/>\n<span style=\"font-size: 15px; color: #000;\">Seboreik Keratoz, Melazma<\/span><br \/>\n<span style=\"font-size: 15px; color: #000;\">Nev\u00fcs Ota\/Ito, Becker Nev\u00fcs, Nevus Spilus<\/span><br \/>\n<span style=\"font-size: 15px; color: #000;\">Postinflamatuar Hiperpigmentasyon<\/span><\/p>\n<p>[\/vc_column_text][\/vc_column][vc_column width=&#8221;1\/6&#8243;][\/vc_column][\/vc_row][vc_row row_content_width=&#8221;grid&#8221; content_text_aligment=&#8221;center&#8221; css=&#8221;.vc_custom_1582532727626{padding-top: 80px !important;padding-bottom: 80px !important;}&#8221; simple_background_color=&#8221;#f0f0f0&#8243;][vc_column width=&#8221;1\/12&#8243;][\/vc_column][vc_column width=&#8221;5\/6&#8243;]<div class=\"mkdf-info-section  mkdf-light mkdf-center\">\n\n            <var class=\"mkdf-is-background-text\" style=\"font-size:192px\" id=\"mkdf-is-background-text-478\" >\n        picoway        <\/var>\n    \n    <div class=\"mkdf-is-inner\" style=\"padding-top:96px;width:66%\">\n\n        \n        \n        \n        \n    <\/div>\n<\/div>[vc_column_text]<\/p>\n<h3 style=\"text-align: center; color: #074c6f;\">En K\u0131sa Pikosaniye At\u0131mlar\u0131, En y\u00fcksek Peak Power<\/h3>\n<p style=\"text-align: center;\">PicoWay\u2019in e\u015fsiz ve tescilli \u00e7al\u0131\u015fma modu ile di\u011fer pikosaniye sistemlerine g\u00f6re d\u00fcnyadaki en y\u00fcksek peak power\u2019a ve en k\u0131sa at\u0131m s\u00fcresine sahiptir. PicoWay\u2019in ultra-k\u0131sa at\u0131mlar\u0131, pigment partik\u00fcllerini par\u00e7alamak i\u00e7in gerekli fotoakustik etkiyi yarat\u0131r ve daha az tedavi ile lezyonlar\u0131 daha iyi giderir. PicoWay\u2019in benzersiz tasar\u0131m mimarisi ileri mikro-elektroniklere sahiptir. Bu sayede PicoWay sa\u011flam, g\u00fcvenilir ve gelecek aplikasyonlar i\u00e7in geli\u015ftirilebilir bir cihazd\u0131r.<\/p>\n<h3 style=\"text-align: center; color: #074c6f;\">ATPI; Akustik- Termal Bas\u0131n\u00e7 Endeksi<\/h3>\n<p style=\"text-align: center;\">ATPI\u2019nin 1\u2019den b\u00fcy\u00fck olmas\u0131 fotoakustik par\u00e7alama, 1\u2019den k\u00fc\u00e7\u00fck olmas\u0131 fototermal par\u00e7alama mekanizmas\u0131n\u0131 belirtir. PicoWay\u2019in at\u0131m s\u00fcreleri 450 ps&amp; 375 ps dir.<\/p>\n<p>[\/vc_column_text][\/vc_column][vc_column width=&#8221;1\/12&#8243;][\/vc_column][\/vc_row][vc_row disable_background_image=&#8221;&#8221; css=&#8221;.vc_custom_1589190513414{padding-top: 60px !important;padding-bottom: 40px !important;background-position: center !important;background-repeat: no-repeat !important;background-size: cover !important;}&#8221; simple_background_image=&#8221;9295&#8243;][vc_column]<div class=\"mkdf-elements-holder   mkdf-two-columns  mkdf-responsive-mode-1024 \" ><div class=\"mkdf-eh-item    \"  data-item-class=\"mkdf-eh-custom-4684\" data-1366-1600=\"0px 20px 106px 80px\" data-1024-1366=\"0px 20px 108px\" data-768-1024=\"35px 190px 0px\" data-680-768=\"35px 80px 0px\" data-680=\"35px 20px 20px\">\n    <div class=\"mkdf-eh-item-inner\">\n        <div class=\"mkdf-eh-item-content mkdf-eh-custom-4684\" style=\"padding: 0px 90px 108px 230px\">\n            <div class=\"mkdf-info-section  mkdf-light mkdf-center\">\n\n            <var class=\"mkdf-is-background-text\" style=\"font-size:160px\" id=\"mkdf-is-background-text-969\" >\n        picoway        <\/var>\n    \n    <div class=\"mkdf-is-inner\" style=\"padding-top:80px;width:50%\">\n\n        \n        \n        \n        \n    <\/div>\n<\/div>[vc_column_text]<\/p>\n<h3 style=\"color: #074c6f;\">Fotoakustik par\u00e7alama avantajl\u0131d\u0131r<\/h3>\n<ul>\n<li>Daha az \u0131s\u0131 yay\u0131l\u0131m\u0131; daha az yan etki ve a\u011fr\u0131 sa\u011flar.<\/li>\n<li>Daha k\u00fc\u00e7\u00fck par\u00e7ac\u0131klar\u0131 etkiledi\u011finden lezyonlar m\u00fckemmel \u015fekilde giderilir.<\/li>\n<\/ul>\n<h3 style=\"color: #074c6f;\">Daha Y\u00fcksek Peak G\u00fcc\u00fc Daha Fazla Etkinlik Demektir<\/h3>\n<p>PicoWay\u2019in 450ps\u2019de y\u00fcksek peak g\u00fcc\u00fc 750ps\u2019lik daha fazla Fotoakustik etki sa\u011flar. Y\u00fcksek peak g\u00fcc\u00fcne sahip olmayan ve enerjiyi uzun bir s\u00fcrede iletmek zorunda olan 750 ps\u2019lik at\u0131m ise daha fazla fototermal ve daha az fotoakustik etkiye sahiptir. Fazladan fototermal etki, yan etki riskini artt\u0131r\u0131r.<\/p>\n<p>[\/vc_column_text]        <\/div>\n    <\/div>\n<\/div><div class=\"mkdf-eh-item    \"  data-item-class=\"mkdf-eh-custom-5490\" data-1366-1600=\"110px 50px\" data-1024-1366=\"110px 50px\" data-768-1024=\"69px 180px 110px\" data-680-768=\"69px 108px 110px\" data-680=\"69px 10px 110px\">\n    <div class=\"mkdf-eh-item-inner\">\n        <div class=\"mkdf-eh-item-content mkdf-eh-custom-5490\" style=\"padding: 110px 100px\">\n                    <\/div>\n    <\/div>\n<\/div><\/div>[\/vc_column][\/vc_row][vc_row row_content_width=&#8221;grid&#8221; css=&#8221;.vc_custom_1583479925789{padding-top: 80px !important;padding-bottom: 80px !important;}&#8221; simple_background_color=&#8221;#f0f0f0&#8243;][vc_column width=&#8221;1\/12&#8243;][\/vc_column][vc_column width=&#8221;5\/6&#8243;][vc_column_text]<\/p>\n<table width=\"674\">\n<tbody>\n<tr style=\"text-align: center; background-color: #074c6f; color: #fff;\">\n<td colspan=\"3\"><span style=\"color: #ffffff;\">Teknik \u00d6zellikler<\/span><\/td>\n<\/tr>\n<tr style=\"background-color: #d8d7d7;\">\n<td style=\"height: 3px;\" width=\"331\">Lazer Tipi<\/td>\n<td style=\"height: 3px;\" width=\"331\">Nd:YAG<\/td>\n<td style=\"height: 3px;\" width=\"331\">Frekans\u0131 \u00c7iftlenmi\u015f Nd:YAG<\/td>\n<\/tr>\n<tr>\n<td style=\"height: 3px;\">Dalga Boyu<\/td>\n<td style=\"height: 3px;\">1064 nm<\/td>\n<td style=\"height: 3px;\">532 nm<\/td>\n<\/tr>\n<tr style=\"background-color: #d8d7d7;\">\n<td style=\"height: 3px;\">Maksimum Enerji<\/td>\n<td style=\"height: 3px;\">400 mJ<\/td>\n<td style=\"height: 3px;\">200 mJ<\/td>\n<\/tr>\n<tr>\n<td style=\"height: 3px;\">At\u0131m S\u00fcresi<\/td>\n<td style=\"height: 3px;\">450 ps<\/td>\n<td style=\"height: 3px;\">375 ps<\/td>\n<\/tr>\n<tr style=\"background-color: #d8d7d7;\">\n<td style=\"height: 3px;\">Tepe G\u00fcc\u00fc<\/td>\n<td style=\"height: 3px;\">0.90 Gigawatts<\/td>\n<td style=\"height: 3px;\">0.53 Gigawatts<\/td>\n<\/tr>\n<tr>\n<td style=\"height: 3px;\">Spot K\u00fc\u00e7\u00fckl\u00fc\u011f\u00fc<\/td>\n<td style=\"height: 3px;\" colspan=\"2\" width=\"331\">2, 3, 4, 5, 6, 7, 8, 9, 10 mm<\/td>\n<\/tr>\n<tr style=\"background-color: #d8d7d7;\">\n<td style=\"height: 3px;\">Tekrarlama Oran\u0131<\/td>\n<td style=\"height: 3px;\" colspan=\"2\" width=\"331\">Single, 1, 2, 3, 4, 5, 10 Hz<\/td>\n<\/tr>\n<tr>\n<td style=\"height: 3px;\">\u0130letim Sistemi<\/td>\n<td style=\"height: 3px;\" colspan=\"2\" width=\"331\">Mafsall\u0131 Kol ve zoom&#8217; lanan Handpiece<\/td>\n<\/tr>\n<tr style=\"background-color: #d8d7d7;\">\n<td style=\"height: 3px;\">At\u0131\u015f Kontrol\u00fc<\/td>\n<td style=\"height: 3px;\" colspan=\"2\" width=\"331\">El butonu &#8211; Ayak Pedali<\/td>\n<\/tr>\n<tr>\n<td style=\"height: 3px;\">Haz\u0131rlanma S\u00fcresi<\/td>\n<td style=\"height: 3px;\" colspan=\"2\" width=\"331\">2 dk<\/td>\n<\/tr>\n<tr style=\"background-color: #d8d7d7;\">\n<td style=\"height: 3px;\">Kullan\u0131c\u0131 Aray\u00fcz\u00fc<\/td>\n<td style=\"height: 3px;\" colspan=\"2\" width=\"331\">Dokunmatik ve Grafiksel Kullan\u0131c\u0131 Aray\u00fcz\u00fc (GUI)<\/td>\n<\/tr>\n<tr>\n<td style=\"height: 3px;\">\u00d6l\u00e7\u00fc<\/td>\n<td style=\"height: 3px;\" colspan=\"2\" width=\"331\">107 cm Y x 46 cm G x 69 cm D<\/td>\n<\/tr>\n<tr style=\"background-color: #d8d7d7;\">\n<td style=\"height: 3px;\">A\u011f\u0131rl\u0131k<\/td>\n<td style=\"height: 3px;\" colspan=\"2\" width=\"331\">125 kg<\/td>\n<\/tr>\n<tr>\n<td style=\"height: 3px;\">Elektriksel Gereksinimler<\/td>\n<td style=\"height: 3px;\" colspan=\"2\" width=\"331\">200-240 VAC 50\/60 Hz, 30A, 4600 VA, Tek Faz<\/td>\n<\/tr>\n<\/tbody>\n<\/table>\n<p>[\/vc_column_text][\/vc_column][vc_column width=&#8221;1\/12&#8243;][\/vc_column][\/vc_row][vc_row row_content_width=&#8221;grid&#8221; disable_background_image=&#8221;&#8221; content_text_aligment=&#8221;center&#8221; css=&#8221;.vc_custom_1589190283803{padding-top: 80px !important;padding-bottom: 80px !important;}&#8221; simple_background_image=&#8221;9293&#8243;][vc_column width=&#8221;1\/12&#8243;][\/vc_column][vc_column width=&#8221;5\/6&#8243; css=&#8221;.vc_custom_1583483069800{padding-top: 80px !important;padding-bottom: 50px !important;}&#8221;][vc_raw_html]JTNDc3R5bGUlM0UlMEElMDklMDklMDklNDBtZWRpYSUyMHNjcmVlbiUyMGFuZCUyMCUyOG1heC13aWR0aCUzQTYwMHB4JTI5JTIwJTdCJTBBLm1vYmlsZHV6ZW5sZW1lJTIwJTdCb3ZlcmZsb3clM0FoaWRkZW4lM0IlMjB3aWR0aCUzQTAlM0IlMjBoZWlnaHQlM0EwJTNCJTBBdmlzaWJpbGl0eSUzQSUyMGhpZGRlbiUzQiU3RCUwQSU3RCUwQSUwQSU0MG1lZGlhJTIwc2NyZWVuJTIwYW5kJTIwJTI4bWluLXdpZHRoJTNBNjAwcHglMjklMjAlN0IlMEEubW9iaWxnb3N0ZXIlMjAlN0JvdmVyZmxvdyUzQWhpZGRlbiUzQiUyMHdpZHRoJTNBMCUzQiUyMGhlaWdodCUzQTAlM0IlMEF2aXNpYmlsaXR5JTNBJTIwaGlkZGVuJTNCJTdEJTBBJTdEJTIwJTNDJTJGc3R5bGUlM0U=[\/vc_raw_html][vc_column_text]<\/p>\n<div class=\"mobilduzenleme\" style=\"font-size: 200px; color: #fff; font-family: quentinregular; opacity: .2;\">picoway<\/div>\n<p>[\/vc_column_text][vc_column_text]<\/p>\n<h3 style=\"text-align: center; color: #fff;\">T\u00fcy Kadar Hafif Handpiece ve Mafsall\u0131 Kol<\/h3>\n<p style=\"color: #fff;\">PicoWay, geni\u015f se\u00e7enekte spot b\u00fcy\u00fckl\u00fckleri ile daha h\u0131zl\u0131 uygulama ve baz\u0131 hedefler i\u00e7in ihtiya\u00e7 duyulan penetrasyon derinli\u011fini sa\u011flar.<\/p>\n<p style=\"color: #fff;\">PicoWay\u2019in sadece tedavi esnas\u0131nda at\u0131m yapan teknolojisiyle, ultra-uzun flashlamp \u00f6mr\u00fc sa\u011flar.<\/p>\n<p style=\"color: #fff;\">Kar\u015f\u0131la\u015f\u0131labilecek en d\u00fc\u015f\u00fck maliyetli laser sistemidir.<\/p>\n<p style=\"color: #fff;\">Handpiece \u00fczerinde yap\u0131lan t\u00fcm se\u00e7imler ekranda g\u00f6r\u00fcn\u00fcr.<\/p>\n<p style=\"color: #fff;\">PicoWay\u2019 dan ba\u015fka hi\u00e7bir benzer sistemde daha h\u0131zl\u0131 ba\u015flatma s\u00fcresi yoktur. 2 dakikada kullan\u0131ma haz\u0131rd\u0131r.<\/p>\n<p>[\/vc_column_text][\/vc_column][vc_column width=&#8221;1\/12&#8243;][\/vc_column][\/vc_row][vc_row row_content_width=&#8221;grid&#8221; css=&#8221;.vc_custom_1589022616930{padding-top: 80px !important;padding-bottom: 80px !important;}&#8221;][vc_column width=&#8221;1\/6&#8243;][\/vc_column][vc_column width=&#8221;2\/3&#8243;]<div class=\"mkdf-image-gallery  mkdf-ig-slider-type mkdf-no-space  mkdf-image-behavior-zoom\">\n    <div class=\"mkdf-ig-slider mkdf-owl-slider\" data-number-of-items=\"1\" data-enable-loop=\"yes\" data-enable-autoplay=\"yes\" data-slider-speed=\"5000\" data-slider-speed-animation=\"600\" data-slider-padding=\"no\" data-enable-navigation=\"yes\" data-enable-pagination=\"yes\">\n                    <div class=\"mkdf-ig-image\">\n                                        <img loading=\"lazy\" decoding=\"async\" width=\"500\" height=\"313\" src=\"https:\/\/www.innovamedikal.com.tr\/yeni\/wp-content\/uploads\/2020\/05\/gentlasepro-1-1.jpg\" class=\"attachment-full size-full\" alt=\"\" srcset=\"https:\/\/www.innovamedikal.com.tr\/yeni\/wp-content\/uploads\/2020\/05\/gentlasepro-1-1.jpg 500w, https:\/\/www.innovamedikal.com.tr\/yeni\/wp-content\/uploads\/2020\/05\/gentlasepro-1-1-300x188.jpg 300w\" sizes=\"(max-width: 500px) 100vw, 500px\" \/>                                    <\/div>\n                    <div class=\"mkdf-ig-image\">\n                                        <img loading=\"lazy\" decoding=\"async\" width=\"500\" height=\"313\" src=\"https:\/\/www.innovamedikal.com.tr\/yeni\/wp-content\/uploads\/2020\/05\/pico-2-1.jpg\" class=\"attachment-full size-full\" alt=\"\" srcset=\"https:\/\/www.innovamedikal.com.tr\/yeni\/wp-content\/uploads\/2020\/05\/pico-2-1.jpg 500w, https:\/\/www.innovamedikal.com.tr\/yeni\/wp-content\/uploads\/2020\/05\/pico-2-1-300x188.jpg 300w\" sizes=\"(max-width: 500px) 100vw, 500px\" \/>                                    <\/div>\n                    <div class=\"mkdf-ig-image\">\n                                        <img loading=\"lazy\" decoding=\"async\" width=\"500\" height=\"313\" src=\"https:\/\/www.innovamedikal.com.tr\/yeni\/wp-content\/uploads\/2020\/05\/pico-3-1.jpg\" class=\"attachment-full size-full\" alt=\"\" srcset=\"https:\/\/www.innovamedikal.com.tr\/yeni\/wp-content\/uploads\/2020\/05\/pico-3-1.jpg 500w, https:\/\/www.innovamedikal.com.tr\/yeni\/wp-content\/uploads\/2020\/05\/pico-3-1-300x188.jpg 300w\" sizes=\"(max-width: 500px) 100vw, 500px\" \/>                                    <\/div>\n            <\/div>\n<\/div>[\/vc_column][vc_column width=&#8221;1\/6&#8243;][\/vc_column][\/vc_row][vc_row disable_element=&#8221;yes&#8221; row_content_width=&#8221;grid&#8221; content_text_aligment=&#8221;center&#8221; css=&#8221;.vc_custom_1589022577805{padding-top: 80px !important;padding-bottom: 80px !important;}&#8221;][vc_column width=&#8221;1\/12&#8243;][\/vc_column][vc_column width=&#8221;5\/6&#8243;]<div class=\"mkdf-info-section  mkdf-light mkdf-center\">\n\n            <var class=\"mkdf-is-background-text\" style=\"font-size:192px\" id=\"mkdf-is-background-text-182\" >\n        gentlelase pro        <\/var>\n    \n    <div class=\"mkdf-is-inner\" style=\"padding-top:96px;width:66%\">\n\n        \n        \n        \n        \n    <\/div>\n<\/div>[vc_column_text]<\/p>\n<h3 style=\"text-align: center; color: #074c6f;\">Cihaz Bak\u0131m ve Kullan\u0131m\u0131<\/h3>\n<p>[\/vc_column_text][vc_empty_space][vc_row_inner][vc_column_inner width=&#8221;1\/2&#8243;][vc_video link=&#8221;https:\/\/www.youtube.com\/watch?v=oGnVB9M-Vc8&amp;feature=emb_title&#8221;][\/vc_column_inner][vc_column_inner width=&#8221;1\/2&#8243;][vc_video link=&#8221;https:\/\/www.youtube.com\/watch?v=BpyLy2OxCAk&amp;feature=emb_title&#8221;][\/vc_column_inner][\/vc_row_inner][\/vc_column][vc_column width=&#8221;1\/12&#8243;][\/vc_column][\/vc_row][vc_row row_content_width=&#8221;grid&#8221; css=&#8221;.vc_custom_1583575829658{padding-top: 40px !important;padding-bottom: 50px !important;}&#8221; simple_background_color=&#8221;#f0f0f0&#8243;][vc_column width=&#8221;1\/4&#8243;][vc_column_text]<img loading=\"lazy\" decoding=\"async\" class=\"aligncenter size-full wp-image-9026\" src=\"https:\/\/www.innovamedikal.com.tr\/yeni\/wp-content\/uploads\/2020\/03\/sablon1.png\" alt=\"\" width=\"503\" height=\"408\" srcset=\"https:\/\/www.innovamedikal.com.tr\/yeni\/wp-content\/uploads\/2020\/03\/sablon1.png 503w, https:\/\/www.innovamedikal.com.tr\/yeni\/wp-content\/uploads\/2020\/03\/sablon1-300x243.png 300w\" sizes=\"(max-width: 503px) 100vw, 503px\" \/>[\/vc_column_text][\/vc_column][vc_column width=&#8221;1\/4&#8243;][vc_column_text]<img loading=\"lazy\" decoding=\"async\" class=\"aligncenter size-full wp-image-9028\" src=\"https:\/\/www.innovamedikal.com.tr\/yeni\/wp-content\/uploads\/2020\/03\/sablon2.png\" alt=\"\" width=\"503\" height=\"408\" srcset=\"https:\/\/www.innovamedikal.com.tr\/yeni\/wp-content\/uploads\/2020\/03\/sablon2.png 503w, https:\/\/www.innovamedikal.com.tr\/yeni\/wp-content\/uploads\/2020\/03\/sablon2-300x243.png 300w\" sizes=\"(max-width: 503px) 100vw, 503px\" \/>[\/vc_column_text][\/vc_column][vc_column width=&#8221;1\/4&#8243;][vc_column_text]<\/p>\n<p><a class=\"fancybox\" href=\"#contact_form_pop3\"><img loading=\"lazy\" decoding=\"async\" class=\"aligncenter size-full wp-image-9029\" src=\"https:\/\/www.innovamedikal.com.tr\/yeni\/wp-content\/uploads\/2020\/03\/sablon3.png\" alt=\"\" width=\"503\" height=\"408\" srcset=\"https:\/\/www.innovamedikal.com.tr\/yeni\/wp-content\/uploads\/2020\/03\/sablon3.png 503w, https:\/\/www.innovamedikal.com.tr\/yeni\/wp-content\/uploads\/2020\/03\/sablon3-300x243.png 300w\" sizes=\"(max-width: 503px) 100vw, 503px\" \/><\/a><\/p>\n<div class=\"fancybox-hidden\">\n<div id=\"contact_form_pop3\"><center><img decoding=\"async\" src=\"\/picoway2\/picoway-sertifika-baslik.jpg\" \/><\/center><\/p>\n<table border=\"1\">\n<tbody>\n<tr>\n<td><a href=\"\/picoway2\/sertifika1.pdf\"><img decoding=\"async\" src=\"\/gentlasepro\/sertifika-1.png\" alt=\"\" \/><\/a><\/td>\n<td><a href=\"\/picoway2\/sertifika-2.pdf\"><img decoding=\"async\" src=\"\/gentlasepro\/sertifika-2.png\" alt=\"\" \/><\/a><\/td>\n<\/tr>\n<\/tbody>\n<\/table>\n<\/div>\n<\/div>\n<p>[\/vc_column_text][\/vc_column][vc_column width=&#8221;1\/4&#8243;][vc_column_text]<img loading=\"lazy\" decoding=\"async\" class=\"aligncenter size-full wp-image-9030\" src=\"https:\/\/www.innovamedikal.com.tr\/yeni\/wp-content\/uploads\/2020\/03\/sablon4.png\" alt=\"\" width=\"503\" height=\"408\" srcset=\"https:\/\/www.innovamedikal.com.tr\/yeni\/wp-content\/uploads\/2020\/03\/sablon4.png 503w, https:\/\/www.innovamedikal.com.tr\/yeni\/wp-content\/uploads\/2020\/03\/sablon4-300x243.png 300w\" sizes=\"(max-width: 503px) 100vw, 503px\" \/>[\/vc_column_text][\/vc_column][\/vc_row]<\/p>\n","protected":false},"excerpt":{"rendered":"<p>[vc_row row_content_width=&#8221;grid&#8221; content_text_aligment=&#8221;center&#8221; css=&#8221;.vc_custom_1551455857200{padding-top: 80px !important;padding-bottom: 80px !important;}&#8221;][vc_column width=&#8221;1\/12&#8243;][\/vc_column][vc_column width=&#8221;5\/6&#8243;][vc_column_text] D\u00fcnyada \u0130lk ve Tek 1064 nm &amp; 532 nm Pikosaniye Laseri PicoWay, d\u00fcnya lideri Candela\u2019n\u0131n ola\u011fan\u00fcst\u00fc yenilik\u00e7i pikosaniye laseridir. Ultra-k\u0131sa at\u0131mlar kullanan PicoWay, tek sistemde, 1064 nm &amp; 532 nm [&hellip;]<\/p>\n","protected":false},"author":1,"featured_media":0,"parent":0,"menu_order":0,"comment_status":"closed","ping_status":"closed","template":"full-width.php","meta":{"footnotes":""},"_links":{"self":[{"href":"https:\/\/www.innovamedikal.com.tr\/yeni\/wp-json\/wp\/v2\/pages\/9214"}],"collection":[{"href":"https:\/\/www.innovamedikal.com.tr\/yeni\/wp-json\/wp\/v2\/pages"}],"about":[{"href":"https:\/\/www.innovamedikal.com.tr\/yeni\/wp-json\/wp\/v2\/types\/page"}],"author":[{"embeddable":true,"href":"https:\/\/www.innovamedikal.com.tr\/yeni\/wp-json\/wp\/v2\/users\/1"}],"replies":[{"embeddable":true,"href":"https:\/\/www.innovamedikal.com.tr\/yeni\/wp-json\/wp\/v2\/comments?post=9214"}],"version-history":[{"count":45,"href":"https:\/\/www.innovamedikal.com.tr\/yeni\/wp-json\/wp\/v2\/pages\/9214\/revisions"}],"predecessor-version":[{"id":9388,"href":"https:\/\/www.innovamedikal.com.tr\/yeni\/wp-json\/wp\/v2\/pages\/9214\/revisions\/9388"}],"wp:attachment":[{"href":"https:\/\/www.innovamedikal.com.tr\/yeni\/wp-json\/wp\/v2\/media?parent=9214"}],"curies":[{"name":"wp","href":"https:\/\/api.w.org\/{rel}","templated":true}]}}