{"id":8797,"date":"2020-02-06T12:18:35","date_gmt":"2020-02-06T09:18:35","guid":{"rendered":"https:\/\/www.innovamedikal.com.tr\/yeni\/?page_id=8797"},"modified":"2020-02-06T17:04:56","modified_gmt":"2020-02-06T14:04:56","slug":"yazili-basin","status":"publish","type":"page","link":"https:\/\/www.innovamedikal.com.tr\/yeni\/yazili-basin","title":{"rendered":"Yaz\u0131l\u0131 Bas\u0131n"},"content":{"rendered":"<p>[vc_row row_content_width=&#8221;grid&#8221; css=&#8221;.vc_custom_1580799990707{padding-top: 60px !important;padding-bottom: 60px !important;}&#8221;][vc_column width=&#8221;1\/5&#8243;][vc_column_text]<\/p>\n<div style=\"background-color: #074c6f; color: #fff; font-size: 17px; text-align: center; padding: 9px 0px;\">Slimlipo Workshop G\u00fcnleri<\/div>\n<p>[\/vc_column_text][vc_single_image image=&#8221;8800&#8243; img_size=&#8221;415xauto&#8221; alignment=&#8221;center&#8221; style=&#8221;vc_box_shadow&#8221; onclick=&#8221;link_image&#8221;][vc_empty_space][vc_column_text]<\/p>\n<div style=\"background-color: #074c6f; color: #fff; font-size: 17px; text-align: center; padding: 9px 0px;\">Professional\u2019s Choice<\/div>\n<p>[\/vc_column_text][vc_single_image image=&#8221;8829&#8243; img_size=&#8221;415xauto&#8221; alignment=&#8221;center&#8221; style=&#8221;vc_box_shadow&#8221; onclick=&#8221;link_image&#8221;][vc_empty_space][vc_column_text]<\/p>\n<div style=\"background-color: #074c6f; color: #fff; font-size: 17px; text-align: center; padding: 9px 0px;\">Aktif Meya \u2013 Lazer Teknolojileri \u2013 23 \u015eubat 2016<\/div>\n<p>[\/vc_column_text][vc_single_image image=&#8221;8834&#8243; img_size=&#8221;415xauto&#8221; alignment=&#8221;center&#8221; style=&#8221;vc_box_shadow&#8221; onclick=&#8221;link_image&#8221;][vc_empty_space][vc_column_text]<\/p>\n<div style=\"background-color: #074c6f; color: #fff; font-size: 17px; text-align: center; padding: 9px 0px;\">Evde Bak\u0131m \u2013 3 Mart 2016<\/div>\n<p>[\/vc_column_text][vc_single_image image=&#8221;8839&#8243; img_size=&#8221;415xauto&#8221; alignment=&#8221;center&#8221; style=&#8221;vc_box_shadow&#8221; onclick=&#8221;link_image&#8221;][vc_empty_space][vc_column_text]<\/p>\n<div style=\"background-color: #074c6f; color: #fff; font-size: 17px; text-align: center; padding: 9px 0px;\">Haber Aras\u0131 \u2013 17 Mart 2016<\/div>\n<p>[\/vc_column_text][vc_single_image image=&#8221;8844&#8243; img_size=&#8221;415xauto&#8221; alignment=&#8221;center&#8221; style=&#8221;vc_box_shadow&#8221; onclick=&#8221;link_image&#8221;][vc_empty_space][vc_column_text]<\/p>\n<div style=\"background-color: #074c6f; color: #fff; font-size: 17px; text-align: center; padding: 9px 0px;\">Haber T\u00fcrkiye \u2013 Lazer Teknolojileri<\/div>\n<p>[\/vc_column_text][vc_single_image image=&#8221;8848&#8243; img_size=&#8221;415xauto&#8221; alignment=&#8221;center&#8221; style=&#8221;vc_box_shadow&#8221; onclick=&#8221;link_image&#8221;][vc_empty_space][vc_column_text]<\/p>\n<div style=\"background-color: #074c6f; color: #fff; font-size: 17px; text-align: center; padding: 9px 0px;\">Madikal Akademi \u2013 D\u00f6vme Sildirme<\/div>\n<p>[\/vc_column_text][vc_single_image image=&#8221;8853&#8243; img_size=&#8221;415xauto&#8221; alignment=&#8221;center&#8221; style=&#8221;vc_box_shadow&#8221; onclick=&#8221;link_image&#8221;][vc_empty_space][vc_column_text]<\/p>\n<div style=\"background-color: #074c6f; color: #fff; font-size: 17px; text-align: center; padding: 9px 0px;\">Sea Life \u2013 1 Mart 2016<\/div>\n<p>[\/vc_column_text][vc_single_image image=&#8221;8858&#8243; img_size=&#8221;415xauto&#8221; alignment=&#8221;center&#8221; style=&#8221;vc_box_shadow&#8221; onclick=&#8221;link_image&#8221;][vc_empty_space][vc_column_text]<\/p>\n<div style=\"background-color: #074c6f; color: #fff; font-size: 17px; text-align: center; padding: 9px 0px;\">\u00dcmm\u00fchan \u00c7elikel \u2013 23 \u015eubat 2016<\/div>\n<p>[\/vc_column_text][vc_single_image image=&#8221;8863&#8243; img_size=&#8221;415xauto&#8221; alignment=&#8221;center&#8221; style=&#8221;vc_box_shadow&#8221; onclick=&#8221;link_image&#8221;][vc_empty_space][\/vc_column][vc_column width=&#8221;1\/5&#8243;][vc_column_text]<\/p>\n<div style=\"background-color: #074c6f; color: #fff; font-size: 17px; text-align: center; padding: 9px 0px;\">Slimlipo Workshop G\u00fcnleri<\/div>\n<p>[\/vc_column_text][vc_single_image image=&#8221;8801&#8243; img_size=&#8221;415xauto&#8221; alignment=&#8221;center&#8221; style=&#8221;vc_box_shadow&#8221; onclick=&#8221;link_image&#8221;][vc_empty_space][vc_column_text]<\/p>\n<div style=\"background-color: #074c6f; color: #fff; font-size: 17px; text-align: center; padding: 9px 0px;\">Aesthetic Guide May\u0131s-Haziran 2009<\/div>\n<p>[\/vc_column_text][vc_single_image image=&#8221;8830&#8243; img_size=&#8221;415xauto&#8221; alignment=&#8221;center&#8221; style=&#8221;vc_box_shadow&#8221; onclick=&#8221;link_image&#8221;][vc_empty_space][vc_column_text]<\/p>\n<div style=\"background-color: #074c6f; color: #fff; font-size: 17px; text-align: center; padding: 9px 0px;\">Beauty Turkey \u2013 18 \u015eubat 2016<\/div>\n<p>[\/vc_column_text][vc_single_image image=&#8221;8835&#8243; img_size=&#8221;415xauto&#8221; alignment=&#8221;center&#8221; style=&#8221;vc_box_shadow&#8221; onclick=&#8221;link_image&#8221;][vc_empty_space][vc_column_text]<\/p>\n<div style=\"background-color: #074c6f; color: #fff; font-size: 17px; text-align: center; padding: 9px 0px;\">Evde Bak\u0131m \u2013 PicoWay \u2013 3 Mart 2016<\/div>\n<p>[\/vc_column_text][vc_single_image image=&#8221;8864&#8243; img_size=&#8221;415xauto&#8221; alignment=&#8221;center&#8221; style=&#8221;vc_box_shadow&#8221; onclick=&#8221;link_image&#8221;][vc_empty_space][vc_column_text]<\/p>\n<div style=\"background-color: #074c6f; color: #fff; font-size: 17px; text-align: center; padding: 9px 0px;\">Haberler.com<\/div>\n<p>[\/vc_column_text][vc_single_image image=&#8221;8845&#8243; img_size=&#8221;415xauto&#8221; alignment=&#8221;center&#8221; style=&#8221;vc_box_shadow&#8221; onclick=&#8221;link_image&#8221;][vc_empty_space][vc_column_text]<\/p>\n<div style=\"background-color: #074c6f; color: #fff; font-size: 17px; text-align: center; padding: 9px 0px;\">Hastane.com.tr \u2013 Lazer Teknolojileri<\/div>\n<p>[\/vc_column_text][vc_single_image image=&#8221;8849&#8243; img_size=&#8221;415xauto&#8221; alignment=&#8221;center&#8221; style=&#8221;vc_box_shadow&#8221; onclick=&#8221;link_image&#8221;][vc_empty_space][vc_column_text]<\/p>\n<div style=\"background-color: #074c6f; color: #fff; font-size: 17px; text-align: center; padding: 9px 0px;\">Madikal Akademi \u2013 Lazer Teknolojileri Konferans\u0131<\/div>\n<p>[\/vc_column_text][vc_single_image image=&#8221;8854&#8243; img_size=&#8221;415xauto&#8221; alignment=&#8221;center&#8221; style=&#8221;vc_box_shadow&#8221; onclick=&#8221;link_image&#8221;][vc_empty_space][vc_column_text]<\/p>\n<div style=\"background-color: #074c6f; color: #fff; font-size: 17px; text-align: center; padding: 9px 0px;\">Sea Life \u2013 1 Mart 2016<\/div>\n<p>[\/vc_column_text][vc_single_image image=&#8221;8859&#8243; img_size=&#8221;415xauto&#8221; alignment=&#8221;center&#8221; style=&#8221;vc_box_shadow&#8221; onclick=&#8221;link_image&#8221;][vc_empty_space][\/vc_column][vc_column width=&#8221;1\/5&#8243;][vc_column_text]<\/p>\n<div style=\"background-color: #074c6f; color: #fff; font-size: 17px; text-align: center; padding: 9px 0px;\">Slimlipo Workshop G\u00fcnleri<\/div>\n<p>[\/vc_column_text][vc_single_image image=&#8221;8802&#8243; img_size=&#8221;415xauto&#8221; alignment=&#8221;center&#8221; style=&#8221;vc_box_shadow&#8221; onclick=&#8221;link_image&#8221;][vc_empty_space][vc_column_text]<\/p>\n<div style=\"background-color: #074c6f; color: #fff; font-size: 17px; text-align: center; padding: 9px 0px;\">Aesthetic Guide Nisan 2009<\/div>\n<p>[\/vc_column_text][vc_single_image image=&#8221;8831&#8243; img_size=&#8221;415xauto&#8221; alignment=&#8221;center&#8221; style=&#8221;vc_box_shadow&#8221; onclick=&#8221;link_image&#8221;][vc_empty_space][vc_column_text]<\/p>\n<div style=\"background-color: #074c6f; color: #fff; font-size: 17px; text-align: center; padding: 9px 0px;\">Bunu Mu Aram\u0131\u015ft\u0131n\u0131z \u2013 PicoWay<\/div>\n<p>[\/vc_column_text][vc_single_image image=&#8221;8836&#8243; img_size=&#8221;415xauto&#8221; alignment=&#8221;center&#8221; style=&#8221;vc_box_shadow&#8221; onclick=&#8221;link_image&#8221;][vc_empty_space][vc_column_text]<\/p>\n<div style=\"background-color: #074c6f; color: #fff; font-size: 17px; text-align: center; padding: 9px 0px;\">Gazete Medya \u2013 23 \u015eubat 2016<\/div>\n<p>[\/vc_column_text][vc_single_image image=&#8221;8865&#8243; img_size=&#8221;415xauto&#8221; alignment=&#8221;center&#8221; style=&#8221;vc_box_shadow&#8221; onclick=&#8221;link_image&#8221;][vc_empty_space][vc_column_text]<\/p>\n<div style=\"background-color: #074c6f; color: #fff; font-size: 17px; text-align: center; padding: 9px 0px;\">Haberler.com \u2013 23 \u015eubat 2016<\/div>\n<p>[\/vc_column_text][vc_single_image image=&#8221;8866&#8243; img_size=&#8221;415xauto&#8221; alignment=&#8221;center&#8221; style=&#8221;vc_box_shadow&#8221; onclick=&#8221;link_image&#8221;][vc_empty_space][vc_column_text]<\/p>\n<div style=\"background-color: #074c6f; color: #fff; font-size: 17px; text-align: center; padding: 9px 0px;\">\u0130yinin Pe\u015finde \u2013 Leke ve Akne Tedavisi<\/div>\n<p>[\/vc_column_text][vc_single_image image=&#8221;8850&#8243; img_size=&#8221;415xauto&#8221; alignment=&#8221;center&#8221; style=&#8221;vc_box_shadow&#8221; onclick=&#8221;link_image&#8221;][vc_empty_space][vc_column_text]<\/p>\n<div style=\"background-color: #074c6f; color: #fff; font-size: 17px; text-align: center; padding: 9px 0px;\">Pembenar \u2013 Cilt Lekerine Kar\u015f\u0131 \u201cVBeam\u201d<\/div>\n<p>[\/vc_column_text][vc_single_image image=&#8221;8855&#8243; img_size=&#8221;415xauto&#8221; alignment=&#8221;center&#8221; style=&#8221;vc_box_shadow&#8221; onclick=&#8221;link_image&#8221;][vc_empty_space][vc_column_text]<\/p>\n<div style=\"background-color: #074c6f; color: #fff; font-size: 17px; text-align: center; padding: 9px 0px;\">Son Dakika \u2013 Lazer Teknolojileri<\/div>\n<p>[\/vc_column_text][vc_single_image image=&#8221;8860&#8243; img_size=&#8221;415xauto&#8221; alignment=&#8221;center&#8221; style=&#8221;vc_box_shadow&#8221; onclick=&#8221;link_image&#8221;][vc_empty_space][\/vc_column][vc_column width=&#8221;1\/5&#8243;][vc_column_text]<\/p>\n<div style=\"background-color: #074c6f; color: #fff; font-size: 17px; text-align: center; padding: 9px 0px;\">Lazer Lipoliz Vatan Gezetesi \/ 3 Temmuz 2011<\/div>\n<p>[\/vc_column_text][vc_single_image image=&#8221;8803&#8243; img_size=&#8221;415xauto&#8221; alignment=&#8221;center&#8221; style=&#8221;vc_box_shadow&#8221; onclick=&#8221;link_image&#8221;][vc_empty_space][vc_column_text]<\/p>\n<div style=\"background-color: #074c6f; color: #fff; font-size: 17px; text-align: center; padding: 9px 0px;\">Professional\u2019s Choice Awards Best Spa 2008<\/div>\n<p>[\/vc_column_text][vc_single_image image=&#8221;8832&#8243; img_size=&#8221;415xauto&#8221; alignment=&#8221;center&#8221; style=&#8221;vc_box_shadow&#8221; onclick=&#8221;link_image&#8221;][vc_empty_space][vc_column_text]<\/p>\n<div style=\"background-color: #074c6f; color: #fff; font-size: 17px; text-align: center; padding: 9px 0px;\">Doktor Haber \u2013 Lazer Teknolojileri \u2013 23 \u015eubat 2016<\/div>\n<p>[\/vc_column_text][vc_single_image image=&#8221;8837&#8243; img_size=&#8221;415xauto&#8221; alignment=&#8221;center&#8221; style=&#8221;vc_box_shadow&#8221; onclick=&#8221;link_image&#8221;][vc_empty_space][vc_column_text]<\/p>\n<div style=\"background-color: #074c6f; color: #fff; font-size: 17px; text-align: center; padding: 9px 0px;\">G\u00fcnl\u00fck G\u00fcndem \u2013 23 \u015eubat 2016<\/div>\n<p>[\/vc_column_text][vc_single_image image=&#8221;8842&#8243; img_size=&#8221;415xauto&#8221; alignment=&#8221;center&#8221; style=&#8221;vc_box_shadow&#8221; onclick=&#8221;link_image&#8221;][vc_empty_space][vc_column_text]<\/p>\n<div style=\"background-color: #074c6f; color: #fff; font-size: 17px; text-align: center; padding: 9px 0px;\">Haberport \u2013 23 \u015eubat 2016<\/div>\n<p>[\/vc_column_text][vc_single_image image=&#8221;8846&#8243; img_size=&#8221;415xauto&#8221; alignment=&#8221;center&#8221; style=&#8221;vc_box_shadow&#8221; onclick=&#8221;link_image&#8221;][vc_empty_space][vc_column_text]<\/p>\n<div style=\"background-color: #074c6f; color: #fff; font-size: 17px; text-align: center; padding: 9px 0px;\">Klass Magazin \u2013 1 Mart 2016<\/div>\n<p>[\/vc_column_text][vc_single_image image=&#8221;8851&#8243; img_size=&#8221;415xauto&#8221; alignment=&#8221;center&#8221; style=&#8221;vc_box_shadow&#8221; onclick=&#8221;link_image&#8221;][vc_empty_space][vc_column_text]<\/p>\n<div style=\"background-color: #074c6f; color: #fff; font-size: 17px; text-align: center; padding: 9px 0px;\">Pembenar \u2013 PicoWay<\/div>\n<p>[\/vc_column_text][vc_single_image image=&#8221;8856&#8243; img_size=&#8221;415xauto&#8221; alignment=&#8221;center&#8221; style=&#8221;vc_box_shadow&#8221; onclick=&#8221;link_image&#8221;][vc_empty_space][vc_column_text]<\/p>\n<div style=\"background-color: #074c6f; color: #fff; font-size: 17px; text-align: center; padding: 9px 0px;\">\u00dcmm\u00fchan \u00c7elikel \u2013 23 \u015eubat 2016<\/div>\n<p>[\/vc_column_text][vc_single_image image=&#8221;8861&#8243; img_size=&#8221;415xauto&#8221; alignment=&#8221;center&#8221; style=&#8221;vc_box_shadow&#8221; onclick=&#8221;link_image&#8221;][vc_empty_space][\/vc_column][vc_column width=&#8221;1\/5&#8243;][vc_column_text]<\/p>\n<div style=\"background-color: #074c6f; color: #fff; font-size: 17px; text-align: center; padding: 9px 0px;\">Lazer Lipoliz Vatan Gazetesi \/ 26 Haziran 2011<\/div>\n<p>[\/vc_column_text][vc_single_image image=&#8221;8804&#8243; img_size=&#8221;415xauto&#8221; alignment=&#8221;center&#8221; style=&#8221;vc_box_shadow&#8221; onclick=&#8221;link_image&#8221;][vc_empty_space][vc_column_text]<\/p>\n<div style=\"background-color: #074c6f; color: #fff; font-size: 17px; text-align: center; padding: 9px 0px;\">Product Review 2007<\/div>\n<p>[\/vc_column_text][vc_single_image image=&#8221;8833&#8243; img_size=&#8221;415xauto&#8221; alignment=&#8221;center&#8221; style=&#8221;vc_box_shadow&#8221; onclick=&#8221;link_image&#8221;][vc_empty_space][vc_column_text]<\/p>\n<div style=\"background-color: #074c6f; color: #fff; font-size: 17px; text-align: center; padding: 9px 0px;\">Estetik Magazin \u2013 Lazer Teknolojileri \u2013 24 \u015eubat 2016<\/div>\n<p>[\/vc_column_text][vc_single_image image=&#8221;8838&#8243; img_size=&#8221;415xauto&#8221; alignment=&#8221;center&#8221; style=&#8221;vc_box_shadow&#8221; onclick=&#8221;link_image&#8221;][vc_empty_space][vc_column_text]<\/p>\n<div style=\"background-color: #074c6f; color: #fff; font-size: 17px; text-align: center; padding: 9px 0px;\">Haber Ra<\/div>\n<p>[\/vc_column_text][vc_single_image image=&#8221;8843&#8243; img_size=&#8221;415xauto&#8221; alignment=&#8221;center&#8221; style=&#8221;vc_box_shadow&#8221; onclick=&#8221;link_image&#8221;][vc_empty_space][vc_column_text]<\/p>\n<div style=\"background-color: #074c6f; color: #fff; font-size: 17px; text-align: center; padding: 9px 0px;\">Haber Ra \u2013 VBeam \u2013 17 Mart 2016<\/div>\n<p>[\/vc_column_text][vc_single_image image=&#8221;8847&#8243; img_size=&#8221;415xauto&#8221; alignment=&#8221;center&#8221; style=&#8221;vc_box_shadow&#8221; onclick=&#8221;link_image&#8221;][vc_empty_space][vc_column_text]<\/p>\n<div style=\"background-color: #074c6f; color: #fff; font-size: 17px; text-align: center; padding: 9px 0px;\">Klass Magazin \u2013 1 Mart 2016<\/div>\n<p>[\/vc_column_text][vc_single_image image=&#8221;8852&#8243; img_size=&#8221;415xauto&#8221; alignment=&#8221;center&#8221; style=&#8221;vc_box_shadow&#8221; onclick=&#8221;link_image&#8221;][vc_empty_space][vc_column_text]<\/p>\n<div style=\"background-color: #074c6f; color: #fff; font-size: 17px; text-align: center; padding: 9px 0px;\">Sea Life \u2013 1 Mart 2016<\/div>\n<p>[\/vc_column_text][vc_single_image image=&#8221;8857&#8243; img_size=&#8221;415xauto&#8221; alignment=&#8221;center&#8221; style=&#8221;vc_box_shadow&#8221; onclick=&#8221;link_image&#8221;][vc_empty_space][vc_column_text]<\/p>\n<div style=\"background-color: #074c6f; color: #fff; font-size: 17px; text-align: center; padding: 9px 0px;\">\u00dcmm\u00fchan \u00c7elikel \u2013 23 \u015eubat 2016<\/div>\n<p>[\/vc_column_text][vc_single_image image=&#8221;8862&#8243; img_size=&#8221;415xauto&#8221; alignment=&#8221;center&#8221; style=&#8221;vc_box_shadow&#8221; onclick=&#8221;link_image&#8221;][vc_empty_space][\/vc_column][\/vc_row]<\/p>\n","protected":false},"excerpt":{"rendered":"<p>[vc_row row_content_width=&#8221;grid&#8221; css=&#8221;.vc_custom_1580799990707{padding-top: 60px !important;padding-bottom: 60px !important;}&#8221;][vc_column width=&#8221;1\/5&#8243;][vc_column_text] Slimlipo Workshop G\u00fcnleri [\/vc_column_text][vc_single_image image=&#8221;8800&#8243; img_size=&#8221;415xauto&#8221; alignment=&#8221;center&#8221; style=&#8221;vc_box_shadow&#8221; onclick=&#8221;link_image&#8221;][vc_empty_space][vc_column_text] Professional\u2019s Choice [\/vc_column_text][vc_single_image image=&#8221;8829&#8243; img_size=&#8221;415xauto&#8221; alignment=&#8221;center&#8221; style=&#8221;vc_box_shadow&#8221; onclick=&#8221;link_image&#8221;][vc_empty_space][vc_column_text] Aktif Meya \u2013 Lazer Teknolojileri \u2013 23 \u015eubat 2016 [\/vc_column_text][vc_single_image image=&#8221;8834&#8243; img_size=&#8221;415xauto&#8221; alignment=&#8221;center&#8221; style=&#8221;vc_box_shadow&#8221; onclick=&#8221;link_image&#8221;][vc_empty_space][vc_column_text] [&hellip;]<\/p>\n","protected":false},"author":1,"featured_media":0,"parent":0,"menu_order":0,"comment_status":"closed","ping_status":"closed","template":"full-width.php","meta":{"footnotes":""},"_links":{"self":[{"href":"https:\/\/www.innovamedikal.com.tr\/yeni\/wp-json\/wp\/v2\/pages\/8797"}],"collection":[{"href":"https:\/\/www.innovamedikal.com.tr\/yeni\/wp-json\/wp\/v2\/pages"}],"about":[{"href":"https:\/\/www.innovamedikal.com.tr\/yeni\/wp-json\/wp\/v2\/types\/page"}],"author":[{"embeddable":true,"href":"https:\/\/www.innovamedikal.com.tr\/yeni\/wp-json\/wp\/v2\/users\/1"}],"replies":[{"embeddable":true,"href":"https:\/\/www.innovamedikal.com.tr\/yeni\/wp-json\/wp\/v2\/comments?post=8797"}],"version-history":[{"count":26,"href":"https:\/\/www.innovamedikal.com.tr\/yeni\/wp-json\/wp\/v2\/pages\/8797\/revisions"}],"predecessor-version":[{"id":8868,"href":"https:\/\/www.innovamedikal.com.tr\/yeni\/wp-json\/wp\/v2\/pages\/8797\/revisions\/8868"}],"wp:attachment":[{"href":"https:\/\/www.innovamedikal.com.tr\/yeni\/wp-json\/wp\/v2\/media?parent=8797"}],"curies":[{"name":"wp","href":"https:\/\/api.w.org\/{rel}","templated":true}]}}