{"id":4384,"date":"2020-02-04T10:25:54","date_gmt":"2020-02-04T07:25:54","guid":{"rendered":"https:\/\/www.innovamedikal.com.tr\/yeni\/?page_id=4384"},"modified":"2020-02-06T17:10:44","modified_gmt":"2020-02-06T14:10:44","slug":"teknik-servis","status":"publish","type":"page","link":"https:\/\/www.innovamedikal.com.tr\/yeni\/teknik-servis","title":{"rendered":"Teknik Servis"},"content":{"rendered":"<p>[vc_row row_content_width=&#8221;grid&#8221; css=&#8221;.vc_custom_1580799990707{padding-top: 60px !important;padding-bottom: 60px !important;}&#8221;][vc_column width=&#8221;1\/4&#8243; offset=&#8221;vc_hidden-sm vc_hidden-xs&#8221;][vc_column_text]<\/p>\n<div style=\"background-color: #074c6f; font-size: 25px; padding: 10px; color: #fff;\">\u0130nnova Medikal<\/div>\n<div style=\"background-color: #dae7ef; padding: 10px; font-weight: 400;\"><a href=\"https:\/\/www.innovamedikal.com.tr\/yeni\/hakkimizda\"> Hakk\u0131m\u0131zda<\/a><br \/>\n<a href=\"https:\/\/www.innovamedikal.com.tr\/yeni\/misyon-ve-vizyon\">Misyon ve Vizyon<\/a><br \/>\n<a href=\"https:\/\/www.innovamedikal.com.tr\/yeni\/markalar\">Markalar<\/a><br \/>\n<a href=\"https:\/\/www.innovamedikal.com.tr\/yeni\/insan-kaynaklari\">\u0130nsan Kaynaklar\u0131<\/a><\/div>\n<p>[\/vc_column_text][vc_column_text]<\/p>\n<div style=\"background-color: #074c6f; font-size: 25px; padding: 10px; color: #fff;\">Teknik Servis<\/div>\n<div style=\"background-color: #dae7ef; padding: 10px; font-weight: 400;\"><a href=\"https:\/\/www.innovamedikal.com.tr\/yeni\/teknik-servis\"> Teknik Servis<\/a><br \/>\n<a href=\"https:\/\/www.innovamedikal.com.tr\/yeni\/garanti\">Garanti<\/a><\/div>\n<p>[\/vc_column_text][vc_column_text]<\/p>\n<div style=\"background-color: #074c6f; font-size: 25px; padding: 10px; color: #fff;\">S\u0131k Sorulan Sorular<\/div>\n<div style=\"background-color: #dae7ef; padding: 10px; font-weight: 400;\"><a href=\"https:\/\/www.innovamedikal.com.tr\/yeni\/sik-sorulan-sorular\"> S\u0131k Sorulan Sorular<\/a><\/div>\n<p>[\/vc_column_text][\/vc_column][vc_column width=&#8221;3\/4&#8243;][vc_column_text]\u0130nnova Medikal; CANDELA Lazer Sistemleri\u2019 nin T\u00fcrkiye\u2019de teknik servis hizmeti verme yetkisine sahip \u201cTek Yetkili Distrib\u00fct\u00f6r\u201d d\u00fcr.<\/p>\n<p><strong>Profesyonel Servis Anlay\u0131\u015f\u0131m\u0131z<\/strong><\/p>\n<p>Temsil edilen t\u00fcm teknolojilerin teknik servis hizmeti profesyonel bir ekiple uluslararas\u0131 standartlarda hizmet vermektedir. ISO Kalite Y\u00f6netim Sistemi sahibi olan y\u00f6netimi ve ekibi\u201cKo\u015fulsuz M\u00fc\u015fteri Memnuniyeti\u201d ni ilke edinmi\u015ftir.<\/p>\n<p>Bu ilke do\u011frultusunda hareket eden teknik servis ekibi alan\u0131nda uzmanla\u015fm\u0131\u015f, profesyonel m\u00fchendislerden olu\u015fmaktad\u0131r.<\/p>\n<p>T\u00fcm teknolojiler i\u00e7in e\u011fitim ve garanti vermekte, yedek par\u00e7alar\u0131n\u0131 temin etmektedir.<\/p>\n<p><strong>Hizmet Anlay\u0131\u015f\u0131m\u0131z<\/strong><\/p>\n<p>\u0130stanbul ve \u00e7evresine 2 saatte, T\u00fcrkiye\u2019nin her yerine en ge\u00e7 24 saatte hizmet vermektedir.[\/vc_column_text][\/vc_column][\/vc_row]<\/p>\n","protected":false},"excerpt":{"rendered":"<p>[vc_row row_content_width=&#8221;grid&#8221; css=&#8221;.vc_custom_1580799990707{padding-top: 60px !important;padding-bottom: 60px !important;}&#8221;][vc_column width=&#8221;1\/4&#8243; offset=&#8221;vc_hidden-sm vc_hidden-xs&#8221;][vc_column_text] \u0130nnova Medikal Hakk\u0131m\u0131zda Misyon ve Vizyon Markalar \u0130nsan Kaynaklar\u0131 [\/vc_column_text][vc_column_text] Teknik Servis Teknik Servis Garanti [\/vc_column_text][vc_column_text] S\u0131k Sorulan Sorular S\u0131k Sorulan Sorular [\/vc_column_text][\/vc_column][vc_column width=&#8221;3\/4&#8243;][vc_column_text]\u0130nnova Medikal; CANDELA Lazer Sistemleri\u2019 nin T\u00fcrkiye\u2019de [&hellip;]<\/p>\n","protected":false},"author":1,"featured_media":0,"parent":0,"menu_order":0,"comment_status":"closed","ping_status":"closed","template":"full-width.php","meta":{"footnotes":""},"_links":{"self":[{"href":"https:\/\/www.innovamedikal.com.tr\/yeni\/wp-json\/wp\/v2\/pages\/4384"}],"collection":[{"href":"https:\/\/www.innovamedikal.com.tr\/yeni\/wp-json\/wp\/v2\/pages"}],"about":[{"href":"https:\/\/www.innovamedikal.com.tr\/yeni\/wp-json\/wp\/v2\/types\/page"}],"author":[{"embeddable":true,"href":"https:\/\/www.innovamedikal.com.tr\/yeni\/wp-json\/wp\/v2\/users\/1"}],"replies":[{"embeddable":true,"href":"https:\/\/www.innovamedikal.com.tr\/yeni\/wp-json\/wp\/v2\/comments?post=4384"}],"version-history":[{"count":4,"href":"https:\/\/www.innovamedikal.com.tr\/yeni\/wp-json\/wp\/v2\/pages\/4384\/revisions"}],"predecessor-version":[{"id":8878,"href":"https:\/\/www.innovamedikal.com.tr\/yeni\/wp-json\/wp\/v2\/pages\/4384\/revisions\/8878"}],"wp:attachment":[{"href":"https:\/\/www.innovamedikal.com.tr\/yeni\/wp-json\/wp\/v2\/media?parent=4384"}],"curies":[{"name":"wp","href":"https:\/\/api.w.org\/{rel}","templated":true}]}}