{"id":4382,"date":"2020-02-04T10:27:43","date_gmt":"2020-02-04T07:27:43","guid":{"rendered":"https:\/\/www.innovamedikal.com.tr\/yeni\/?page_id=4382"},"modified":"2020-02-06T17:10:38","modified_gmt":"2020-02-06T14:10:38","slug":"markalar","status":"publish","type":"page","link":"https:\/\/www.innovamedikal.com.tr\/yeni\/markalar","title":{"rendered":"Markalar"},"content":{"rendered":"<p>[vc_row row_content_width=&#8221;grid&#8221; css=&#8221;.vc_custom_1580799990707{padding-top: 60px !important;padding-bottom: 60px !important;}&#8221;][vc_column width=&#8221;1\/4&#8243; offset=&#8221;vc_hidden-sm vc_hidden-xs&#8221;][vc_column_text]<\/p>\n<div style=\"background-color: #074c6f; font-size: 25px; padding: 10px; color: #fff;\">\u0130nnova Medikal<\/div>\n<div style=\"background-color: #dae7ef; padding: 10px; font-weight: 400;\"><a href=\"https:\/\/www.innovamedikal.com.tr\/yeni\/hakkimizda\"> Hakk\u0131m\u0131zda<\/a><br \/>\n<a href=\"https:\/\/www.innovamedikal.com.tr\/yeni\/misyon-ve-vizyon\">Misyon ve Vizyon<\/a><br \/>\n<a href=\"https:\/\/www.innovamedikal.com.tr\/yeni\/markalar\">Markalar<\/a><br \/>\n<a href=\"https:\/\/www.innovamedikal.com.tr\/yeni\/insan-kaynaklari\">\u0130nsan Kaynaklar\u0131<\/a><\/div>\n<p>[\/vc_column_text][vc_column_text]<\/p>\n<div style=\"background-color: #074c6f; font-size: 25px; padding: 10px; color: #fff;\">Teknik Servis<\/div>\n<div style=\"background-color: #dae7ef; padding: 10px; font-weight: 400;\"><a href=\"https:\/\/www.innovamedikal.com.tr\/yeni\/teknik-servis\"> Teknik Servis<\/a><br \/>\n<a href=\"https:\/\/www.innovamedikal.com.tr\/yeni\/garanti\">Garanti<\/a><\/div>\n<p>[\/vc_column_text][vc_column_text]<\/p>\n<div style=\"background-color: #074c6f; font-size: 25px; padding: 10px; color: #fff;\">S\u0131k Sorulan Sorular<\/div>\n<div style=\"background-color: #dae7ef; padding: 10px; font-weight: 400;\"><a href=\"https:\/\/www.innovamedikal.com.tr\/yeni\/sik-sorulan-sorular\"> S\u0131k Sorulan Sorular<\/a><\/div>\n<p>[\/vc_column_text][\/vc_column][vc_column width=&#8221;3\/4&#8243;][vc_column_text]<strong>CANDELA;<\/strong>\u00a01970 y\u0131l\u0131ndan g\u00fcn\u00fcm\u00fcze, t\u00fcm d\u00fcnyaya lazer ve \u0131\u015f\u0131n bazl\u0131 teknoloji sunan bir Amerikan firmas\u0131d\u0131r. 86 \u00fclkede, 13.500\u2019den fazla sistemi bulunmaktad\u0131r. Candela lazer teknolojileriyle 300\u2019\u00fc a\u015fk\u0131n klinik yay\u0131n\u0131,10 milyon \u00fczerinde tedavi uygulanm\u0131\u015ft\u0131r. 40 y\u0131ll\u0131k lazer deneyimi ve know-how ile Dermatoloji ve Estetik alanda ileri teknoloji geli\u015ftirilmesi, \u00fcretimi ve da\u011f\u0131t\u0131m\u0131 konular\u0131nda en b\u00fcy\u00fck pazar pay\u0131na sahip oldu\u011fu gibi yenilik\u00e7i ve lider bir firma olarak an\u0131lmakta ve geli\u015ftirdi\u011fi t\u00fcm teknolojiler\u201dEn kapsaml\u0131 ve teknolojik a\u00e7\u0131dan en geni\u015f \u00fcr\u00fcn segmentli\u201d olarak bilinmektedir.\u00a0<strong>Candela;<\/strong>\u00a0Bir \u00e7ok lazer firmas\u0131n\u0131n aksine sadece lazer montaj\u0131 yapmay\u0131p t\u00fcm kritik komponentleri de kendi b\u00fcnyesinde \u00fcretmekte ve epilasyon, rejuvenasyon, vask\u00fcler lezyonlar, pigment lezyonlar ve akne tedavileri gibi kozmetik ve medikal uygulamalarda kullan\u0131labilecek en efektif ve innovatif lazer sistemlerini sunmaktad\u0131r.\u00a0<strong>Candela;<\/strong>\u00a0medikal teknoloji \u00fcretiminde d\u00fcnyadaki t\u00fcm otoritelerin onay sertifikalar\u0131na sahiptir.<\/p>\n<ul>\n<li>FDA<\/li>\n<li>T\u00dcV<\/li>\n<li>ISO 13485 ve CE.<\/li>\n<\/ul>\n<p>Candela cihazlar\u0131n\u0131n her birine sa\u011flanan sistem kayd\u0131 ve tescili sayesinde kullan\u0131c\u0131lar her t\u00fcrl\u00fc kullan\u0131m ve servis bilgisine ula\u015fabilmektedir.\u00a0<strong>Candela\u2019 dan Devrim Yaratan \u0130lkler<\/strong><\/p>\n<ul>\n<li>Vask\u00fcler lezyonlar\u0131, deriye minimum hasar vererek tedavi etmek i\u00e7in\u201cselective photothermolysis\u201d prensibine dayanan ilk lazer sistemi.<\/li>\n<li>\u00c7ocuklarda kullan\u0131labilen ilk vask\u00fcler lezyon tedavi lazeri.<\/li>\n<li>Pigment lezyonlar ve d\u00f6vmeler i\u00e7in kullan\u0131lan ilk Q anahtarl\u0131 Aleksandrite lazer.<\/li>\n<li>Hemanjiyom, iz ve si\u011filler i\u00e7in ilk etkin Pulsed Dye lazer tedavisi.<\/li>\n<li>Bacak telanjiyektazisinin (\u00f6r\u00fcmcek damarlar) tedavisinde kullan\u0131lan ilk \u00e7oklu dalga boylu Long-pulse dye lazeri<\/li>\n<li>Sivilce ve sivilce izlerinin tedavilerinde kullan\u0131labilen invazif olmayan ilk lazer.<\/li>\n<li>Entegre\u201cDinamik So\u011futma Sistemi\u201d (DCD) ile uygun fiyatta sunulan ilk ve tek epilasyon lazeri.<\/li>\n<li>K\u0131r\u0131\u015f\u0131kl\u0131k ve Vask\u00fcler tedavilerinde kullan\u0131labilen (DCD) ile sunulan ilk ve tek Pulsed dye lazer.<\/li>\n<\/ul>\n<p><strong>Candela;<\/strong>\u00a0End\u00fcstrinin en y\u00fcksek m\u00fchendislik g\u00fcc\u00fcyle; en g\u00fcvenli, en h\u0131zl\u0131 ve en etkin teknolojileri geli\u015ftirmeye, profesyonel teknik servis m\u00fchendisleri, klinik dan\u0131\u015fmanlar\u0131, e\u011fitimli lazer uzmanlar\u0131 ve pazarlama destek ekibinden olu\u015fan organizasyonuyla bizlerle olmaya devam edecektir. Candela teknolojilerinin T\u00fcrkiye\u2019deki tek yetkili temsilcisi \u0130nnova Medikal A.\u015e\u2019 dir[\/vc_column_text][\/vc_column][\/vc_row]<\/p>\n","protected":false},"excerpt":{"rendered":"<p>[vc_row row_content_width=&#8221;grid&#8221; css=&#8221;.vc_custom_1580799990707{padding-top: 60px !important;padding-bottom: 60px !important;}&#8221;][vc_column width=&#8221;1\/4&#8243; offset=&#8221;vc_hidden-sm vc_hidden-xs&#8221;][vc_column_text] \u0130nnova Medikal Hakk\u0131m\u0131zda Misyon ve Vizyon Markalar \u0130nsan Kaynaklar\u0131 [\/vc_column_text][vc_column_text] Teknik Servis Teknik Servis Garanti [\/vc_column_text][vc_column_text] S\u0131k Sorulan Sorular S\u0131k Sorulan Sorular [\/vc_column_text][\/vc_column][vc_column width=&#8221;3\/4&#8243;][vc_column_text]CANDELA;\u00a01970 y\u0131l\u0131ndan g\u00fcn\u00fcm\u00fcze, t\u00fcm d\u00fcnyaya lazer ve [&hellip;]<\/p>\n","protected":false},"author":1,"featured_media":0,"parent":0,"menu_order":0,"comment_status":"closed","ping_status":"closed","template":"full-width.php","meta":{"footnotes":""},"_links":{"self":[{"href":"https:\/\/www.innovamedikal.com.tr\/yeni\/wp-json\/wp\/v2\/pages\/4382"}],"collection":[{"href":"https:\/\/www.innovamedikal.com.tr\/yeni\/wp-json\/wp\/v2\/pages"}],"about":[{"href":"https:\/\/www.innovamedikal.com.tr\/yeni\/wp-json\/wp\/v2\/types\/page"}],"author":[{"embeddable":true,"href":"https:\/\/www.innovamedikal.com.tr\/yeni\/wp-json\/wp\/v2\/users\/1"}],"replies":[{"embeddable":true,"href":"https:\/\/www.innovamedikal.com.tr\/yeni\/wp-json\/wp\/v2\/comments?post=4382"}],"version-history":[{"count":4,"href":"https:\/\/www.innovamedikal.com.tr\/yeni\/wp-json\/wp\/v2\/pages\/4382\/revisions"}],"predecessor-version":[{"id":8876,"href":"https:\/\/www.innovamedikal.com.tr\/yeni\/wp-json\/wp\/v2\/pages\/4382\/revisions\/8876"}],"wp:attachment":[{"href":"https:\/\/www.innovamedikal.com.tr\/yeni\/wp-json\/wp\/v2\/media?parent=4382"}],"curies":[{"name":"wp","href":"https:\/\/api.w.org\/{rel}","templated":true}]}}