{"id":4094,"date":"2019-03-01T17:08:53","date_gmt":"2019-03-01T14:08:53","guid":{"rendered":"http:\/\/candelaipekepilasyon.com\/?page_id=4094"},"modified":"2020-02-08T14:13:55","modified_gmt":"2020-02-08T11:13:55","slug":"iletisim","status":"publish","type":"page","link":"https:\/\/www.innovamedikal.com.tr\/yeni\/iletisim","title":{"rendered":"\u0130leti\u015fim"},"content":{"rendered":"<p>[vc_row row_content_width=&#8221;grid&#8221; css=&#8221;.vc_custom_1551449459866{padding-top: 80px !important;}&#8221;][vc_column width=&#8221;1\/4&#8243; offset=&#8221;vc_col-lg-offset-0 vc_col-md-offset-0 vc_col-sm-offset-0&#8243;][vc_custom_heading text=&#8221;Adres&#8221; font_container=&#8221;tag:h4|text_align:left&#8221; google_fonts=&#8221;font_family:Montserrat%3Aregular%2C700|font_style:400%20regular%3A400%3Anormal&#8221;][vc_column_text]Bah\u00e7e\u015fehir 2.K\u0131s\u0131m Denizat\u0131 Sokak. 252 Ada \u00c7avlan 1 Villa No:4 Bah\u00e7e\u015fehir, Ba\u015fak\u015fehir\/\u0130STANBUL<br \/>\n[\/vc_column_text][vc_empty_space][vc_custom_heading text=&#8221;Telefon&#8221; font_container=&#8221;tag:h4|text_align:left&#8221; google_fonts=&#8221;font_family:Montserrat%3Aregular%2C700|font_style:400%20regular%3A400%3Anormal&#8221;][vc_column_text]Tel : +90 212 669 75 78<br \/>\nFaks: +90 212 669 10 77[\/vc_column_text][vc_empty_space][vc_custom_heading text=&#8221;E-Posta &amp; Sosyal Medya&#8221; font_container=&#8221;tag:h4|text_align:left&#8221; google_fonts=&#8221;font_family:Montserrat%3Aregular%2C700|font_style:400%20regular%3A400%3Anormal&#8221;][vc_column_text]Email: <a href=\"mailto:info@innovamedikal.com.tr\">info@innovamedikal.com.tr<\/a><br \/>\nFacebook: <a href=\"https:\/\/www.facebook.com\/innovamedikal\">@innovamedikal<\/a><br \/>\ninstagram: <a href=\"https:\/\/www.instagram.com\/innovamedikal\/\">@innovamedikal<\/a><br \/>\nTwitter: <a href=\"https:\/\/twitter.com\/innovamedikal\">@innovamedikal<\/a><br \/>\nYoutube: <a href=\"https:\/\/www.youtube.com\/user\/InnovaMedikal\">@innovamedikal<\/a>[\/vc_column_text][vc_empty_space][\/vc_column][vc_column width=&#8221;3\/4&#8243;][vc_custom_heading text=&#8221;Harita&#8221; font_container=&#8221;tag:h4|text_align:left&#8221; google_fonts=&#8221;font_family:Montserrat%3Aregular%2C700|font_style:400%20regular%3A400%3Anormal&#8221;][vc_column_text]<\/p>\n<p><iframe loading=\"lazy\" style=\"border: 0;\" src=\"https:\/\/www.google.com\/maps\/embed?pb=!1m14!1m8!1m3!1d3008.0266091410213!2d28.678957999999998!3d41.068411!3m2!1i1024!2i768!4f13.1!3m3!1m2!1s0x0%3A0x267397ec2f8ac046!2s%C4%B0nnova+Medikal!5e0!3m2!1str!2str!4v1551449551256\" width=\"100%\" height=\"400\" frameborder=\"0\" allowfullscreen=\"allowfullscreen\"><\/iframe><\/p>\n<p>[\/vc_column_text][\/vc_column][\/vc_row][vc_row row_content_width=&#8221;grid&#8221; css=&#8221;.vc_custom_1551449770389{padding-top: 80px !important;padding-bottom: 80px !important;}&#8221; simple_background_color=&#8221;#f7f8f9&#8243;][vc_column offset=&#8221;vc_col-lg-offset-0 vc_col-md-offset-0 vc_col-sm-offset-0&#8243; css=&#8221;.vc_custom_1551344789996{padding-right: 30px !important;padding-left: 30px !important;}&#8221;][vc_custom_heading text=&#8221;\u0130leti\u015fim Formu&#8221; font_container=&#8221;tag:h4|text_align:left&#8221; google_fonts=&#8221;font_family:Montserrat%3Aregular%2C700|font_style:400%20regular%3A400%3Anormal&#8221;][vc_empty_space height=&#8221;8px&#8221;]<div role=\"form\" class=\"wpcf7\" id=\"wpcf7-f447-o1\" lang=\"en-US\" dir=\"ltr\">\n<div class=\"screen-reader-response\"><\/div>\n<form action=\"\/yeni\/wp-json\/wp\/v2\/pages\/4094#wpcf7-f447-o1\" method=\"post\" class=\"wpcf7-form\" novalidate=\"novalidate\">\n<div style=\"display: none;\">\n<input type=\"hidden\" name=\"_wpcf7\" value=\"447\" \/>\n<input type=\"hidden\" name=\"_wpcf7_version\" value=\"5.1.1\" \/>\n<input type=\"hidden\" name=\"_wpcf7_locale\" value=\"en_US\" \/>\n<input type=\"hidden\" name=\"_wpcf7_unit_tag\" value=\"wpcf7-f447-o1\" \/>\n<input type=\"hidden\" name=\"_wpcf7_container_post\" value=\"0\" \/>\n<input type=\"hidden\" name=\"g-recaptcha-response\" value=\"\" \/>\n<\/div>\n<div class=\"mkdf-grid-row mkdf-grid-small-gutter\">\n<div class=\"mkdf-grid-col-12\">\n      <span class=\"wpcf7-form-control-wrap your-name\"><input type=\"text\" name=\"your-name\" value=\"\" size=\"40\" class=\"wpcf7-form-control wpcf7-text wpcf7-validates-as-required\" aria-required=\"true\" aria-invalid=\"false\" placeholder=\"Ad\u0131n\u0131z\" \/><\/span>\n   <\/div>\n<div class=\"mkdf-grid-col-12\">\n       <span class=\"wpcf7-form-control-wrap email\"><input type=\"email\" name=\"email\" value=\"\" size=\"40\" class=\"wpcf7-form-control wpcf7-text wpcf7-email wpcf7-validates-as-required wpcf7-validates-as-email\" aria-required=\"true\" aria-invalid=\"false\" placeholder=\"Eposta Adresiniz\" \/><\/span>\n   <\/div>\n<div class=\"mkdf-grid-col-12\">\n       <span class=\"wpcf7-form-control-wrap konu\"><input type=\"text\" name=\"konu\" value=\"\" size=\"40\" class=\"wpcf7-form-control wpcf7-text wpcf7-validates-as-required\" aria-required=\"true\" aria-invalid=\"false\" placeholder=\"Konu\" \/><\/span>\n   <\/div>\n<div class=\"mkdf-grid-col-12\">\n       <span class=\"wpcf7-form-control-wrap your-message\"><textarea name=\"your-message\" cols=\"40\" rows=\"10\" class=\"wpcf7-form-control wpcf7-textarea\" aria-invalid=\"false\" placeholder=\"\u0130letiniz\"><\/textarea><\/span>\n   <\/div>\n<div class=\"mkdf-grid-col-12\">\n       <input type=\"submit\" value=\"G\u00f6nder\" class=\"wpcf7-form-control wpcf7-submit\" \/>\n   <\/div>\n<\/div>\n<div class=\"wpcf7-response-output wpcf7-display-none\"><\/div><\/form><\/div>[vc_empty_space][\/vc_column][\/vc_row]<\/p>\n","protected":false},"excerpt":{"rendered":"<p>[vc_row row_content_width=&#8221;grid&#8221; css=&#8221;.vc_custom_1551449459866{padding-top: 80px !important;}&#8221;][vc_column width=&#8221;1\/4&#8243; offset=&#8221;vc_col-lg-offset-0 vc_col-md-offset-0 vc_col-sm-offset-0&#8243;][vc_custom_heading text=&#8221;Adres&#8221; font_container=&#8221;tag:h4|text_align:left&#8221; google_fonts=&#8221;font_family:Montserrat%3Aregular%2C700|font_style:400%20regular%3A400%3Anormal&#8221;][vc_column_text]Bah\u00e7e\u015fehir 2.K\u0131s\u0131m Denizat\u0131 Sokak. 252 Ada \u00c7avlan 1 Villa No:4 Bah\u00e7e\u015fehir, Ba\u015fak\u015fehir\/\u0130STANBUL [\/vc_column_text][vc_empty_space][vc_custom_heading text=&#8221;Telefon&#8221; font_container=&#8221;tag:h4|text_align:left&#8221; google_fonts=&#8221;font_family:Montserrat%3Aregular%2C700|font_style:400%20regular%3A400%3Anormal&#8221;][vc_column_text]Tel : +90 212 669 75 78 Faks: +90 212 669 10 77[\/vc_column_text][vc_empty_space][vc_custom_heading text=&#8221;E-Posta [&hellip;]<\/p>\n","protected":false},"author":1,"featured_media":0,"parent":0,"menu_order":0,"comment_status":"closed","ping_status":"closed","template":"full-width.php","meta":{"footnotes":""},"_links":{"self":[{"href":"https:\/\/www.innovamedikal.com.tr\/yeni\/wp-json\/wp\/v2\/pages\/4094"}],"collection":[{"href":"https:\/\/www.innovamedikal.com.tr\/yeni\/wp-json\/wp\/v2\/pages"}],"about":[{"href":"https:\/\/www.innovamedikal.com.tr\/yeni\/wp-json\/wp\/v2\/types\/page"}],"author":[{"embeddable":true,"href":"https:\/\/www.innovamedikal.com.tr\/yeni\/wp-json\/wp\/v2\/users\/1"}],"replies":[{"embeddable":true,"href":"https:\/\/www.innovamedikal.com.tr\/yeni\/wp-json\/wp\/v2\/comments?post=4094"}],"version-history":[{"count":24,"href":"https:\/\/www.innovamedikal.com.tr\/yeni\/wp-json\/wp\/v2\/pages\/4094\/revisions"}],"predecessor-version":[{"id":8907,"href":"https:\/\/www.innovamedikal.com.tr\/yeni\/wp-json\/wp\/v2\/pages\/4094\/revisions\/8907"}],"wp:attachment":[{"href":"https:\/\/www.innovamedikal.com.tr\/yeni\/wp-json\/wp\/v2\/media?parent=4094"}],"curies":[{"name":"wp","href":"https:\/\/api.w.org\/{rel}","templated":true}]}}